{"id":803,"date":"2024-11-03T02:24:27","date_gmt":"2024-11-03T01:24:27","guid":{"rendered":"https:\/\/rjpartners.pl\/contact-us\/"},"modified":"2024-11-19T10:43:56","modified_gmt":"2024-11-19T09:43:56","slug":"contact-us","status":"publish","type":"page","link":"https:\/\/rjpartners.pl\/en\/contact-us\/","title":{"rendered":"Contact us"},"content":{"rendered":"\t\t<div data-elementor-type=\"wp-page\" data-elementor-id=\"803\" class=\"elementor elementor-803 elementor-580\" data-elementor-post-type=\"page\">\n\t\t\t\t<div class=\"elementor-element elementor-element-b60db5b e-flex e-con-boxed e-con e-parent\" data-id=\"b60db5b\" data-element_type=\"container\" data-settings=\"{&quot;background_background&quot;:&quot;classic&quot;}\">\n\t\t\t\t\t<div class=\"e-con-inner\">\n\t\t\t\t<div class=\"elementor-element elementor-element-29532d2 tytul elementor-widget elementor-widget-heading\" data-id=\"29532d2\" data-element_type=\"widget\" data-widget_type=\"heading.default\">\n\t\t\t\t<div class=\"elementor-widget-container\">\n\t\t\t\t\t<h1 class=\"elementor-heading-title elementor-size-default\">Contact us<\/h1>\t\t\t\t<\/div>\n\t\t\t\t<\/div>\n\t\t\t\t\t<\/div>\n\t\t\t\t<\/div>\n\t\t<div class=\"elementor-element elementor-element-c0ac47c e-con-full e-flex e-con e-parent\" data-id=\"c0ac47c\" data-element_type=\"container\">\n\t\t\t\t<div class=\"elementor-element elementor-element-f0a7220 elementor-widget elementor-widget-google_maps\" data-id=\"f0a7220\" data-element_type=\"widget\" data-widget_type=\"google_maps.default\">\n\t\t\t\t<div class=\"elementor-widget-container\">\n\t\t\t\t\t\t\t<div class=\"elementor-custom-embed\">\n\t\t\t<iframe loading=\"lazy\"\n\t\t\t\t\tsrc=\"https:\/\/maps.google.com\/maps?q=Moniuszki%201A%2C%2000-014%2C%20Warszawa&#038;t=m&#038;z=16&#038;output=embed&#038;iwloc=near\"\n\t\t\t\t\ttitle=\"Moniuszki 1A, 00-014, Warszawa\"\n\t\t\t\t\taria-label=\"Moniuszki 1A, 00-014, Warszawa\"\n\t\t\t><\/iframe>\n\t\t<\/div>\n\t\t\t\t\t\t<\/div>\n\t\t\t\t<\/div>\n\t\t\t\t<\/div>\n\t\t<div class=\"elementor-element elementor-element-fdef329 e-flex e-con-boxed e-con e-parent\" data-id=\"fdef329\" data-element_type=\"container\">\n\t\t\t\t\t<div class=\"e-con-inner\">\n\t\t\t\t<div class=\"elementor-element elementor-element-8798a6c elementor-widget elementor-widget-heading\" data-id=\"8798a6c\" data-element_type=\"widget\" data-widget_type=\"heading.default\">\n\t\t\t\t<div class=\"elementor-widget-container\">\n\t\t\t\t\t<h2 class=\"elementor-heading-title elementor-size-default\">Contact us<\/h2>\t\t\t\t<\/div>\n\t\t\t\t<\/div>\n\t\t\t\t\t<\/div>\n\t\t\t\t<\/div>\n\t\t<div class=\"elementor-element elementor-element-174f255 e-flex e-con-boxed e-con e-parent\" data-id=\"174f255\" data-element_type=\"container\">\n\t\t\t\t\t<div class=\"e-con-inner\">\n\t\t<div class=\"elementor-element elementor-element-584565b e-con-full e-flex e-con e-child\" data-id=\"584565b\" data-element_type=\"container\">\n\t\t\t\t<div class=\"elementor-element elementor-element-2fe1e25 elementor-widget elementor-widget-text-editor\" data-id=\"2fe1e25\" data-element_type=\"widget\" data-widget_type=\"text-editor.default\">\n\t\t\t\t<div class=\"elementor-widget-container\">\n\t\t\t\t\t\t\t\t\t<p><strong>Robert J\u0119drzejczyk i Wsp\u00f3lnicy<\/strong><\/p>\n<p>00-014 Warszawa, ul. Moniuszki 1A<br \/>tel: <a href=\"http:\/\/+48226603100\" data-wplink-url-error=\"true\">(+ 48) 22 660 31 00<\/a><br \/>e-mail : <a href=\"mailto:biuro@rjpartners.pl\">biuro@rjpartners.pl<\/a> <\/p>\n\t\t\t\t\t\t\t\t<\/div>\n\t\t\t\t<\/div>\n\t\t\t\t<\/div>\n\t\t<div class=\"elementor-element elementor-element-c19b66d e-con-full e-flex e-con e-child\" data-id=\"c19b66d\" data-element_type=\"container\">\n\t\t\t\t<div class=\"elementor-element elementor-element-e482b16 elementor-widget elementor-widget-text-editor\" data-id=\"e482b16\" data-element_type=\"widget\" data-widget_type=\"text-editor.default\">\n\t\t\t\t<div class=\"elementor-widget-container\">\n\t\t\t\t\t\t\t\t\t<p><strong>Micha\u0142 Kubicz<\/strong><\/p>\n<p>Attorney-at-law, Partner<br \/>mob. <a href=\"http:\/\/+48510070285\" data-wplink-url-error=\"true\">(+48) 510 070 285<\/a><br \/>e-mail: <a href=\"mailto:michal.kubicz@rjpartners.pl\">michal.kubicz@rjpartners.pl<\/a> <\/p>\n\t\t\t\t\t\t\t\t<\/div>\n\t\t\t\t<\/div>\n\t\t\t\t<\/div>\n\t\t<div class=\"elementor-element elementor-element-b43e64e e-con-full e-flex e-con e-child\" data-id=\"b43e64e\" data-element_type=\"container\">\n\t\t\t\t<div class=\"elementor-element elementor-element-8754624 elementor-widget elementor-widget-text-editor\" data-id=\"8754624\" data-element_type=\"widget\" data-widget_type=\"text-editor.default\">\n\t\t\t\t<div class=\"elementor-widget-container\">\n\t\t\t\t\t\t\t\t\t<p><strong>Robert J\u0119drzejczyk<\/strong><\/p>\n<p>Attorney-at-law, Managing Partner<br \/>mob. <a href=\"http:\/\/+48509598316\" data-wplink-url-error=\"true\"> (+48) 509 598 316<\/a><br \/>e-mail: <a href=\"mailto:robert.jedrzejczyk@rjpartners.pl\">robert.jedrzejczyk@rjpartners.pl<\/a> <\/p>\n\t\t\t\t\t\t\t\t<\/div>\n\t\t\t\t<\/div>\n\t\t\t\t<\/div>\n\t\t<div class=\"elementor-element elementor-element-5949f06 e-con-full e-flex e-con e-child\" data-id=\"5949f06\" data-element_type=\"container\">\n\t\t\t\t<div class=\"elementor-element elementor-element-09c5485 elementor-widget elementor-widget-text-editor\" data-id=\"09c5485\" data-element_type=\"widget\" data-widget_type=\"text-editor.default\">\n\t\t\t\t<div class=\"elementor-widget-container\">\n\t\t\t\t\t\t\t\t\t<p><strong>Alicja Lidzi\u0144ska<\/strong><\/p><p>Attorney-at-law, Partner<br \/>mob. <a href=\"http:\/\/+48784512182\" data-wplink-url-error=\"true\">(+48) 784 512 182<\/a><br \/>e-mail: <a href=\"mailto:alicja.lidzinska@rjpartners.pl\">alicja.lidzinska@rjpartners.pl<\/a><\/p>\t\t\t\t\t\t\t\t<\/div>\n\t\t\t\t<\/div>\n\t\t\t\t<\/div>\n\t\t\t\t\t<\/div>\n\t\t\t\t<\/div>\n\t\t\t\t<\/div>\n\t\t","protected":false},"excerpt":{"rendered":"<p>Contact us Contact us Robert J\u0119drzejczyk i Wsp\u00f3lnicy 00-014 Warszawa, ul. Moniuszki 1Atel: (+ 48) 22 660 31 00e-mail : biuro@rjpartners.pl Micha\u0142 Kubicz Attorney-at-law, Partnermob. (+48) 510 070 285e-mail: michal.kubicz@rjpartners.pl Robert J\u0119drzejczyk Attorney-at-law, Managing Partnermob. (+48) 509 598 316e-mail: robert.jedrzejczyk@rjpartners.pl Alicja Lidzi\u0144ska Attorney-at-law, Partnermob. (+48) 784 512 182e-mail: alicja.lidzinska@rjpartners.pl<\/p>\n","protected":false},"author":1,"featured_media":0,"parent":0,"menu_order":0,"comment_status":"closed","ping_status":"closed","template":"","meta":{"om_disable_all_campaigns":false,"_monsterinsights_skip_tracking":false,"_monsterinsights_sitenote_active":false,"_monsterinsights_sitenote_note":"","_monsterinsights_sitenote_category":0,"footnotes":""},"class_list":["post-803","page","type-page","status-publish","hentry"],"aioseo_notices":[],"_links":{"self":[{"href":"https:\/\/rjpartners.pl\/en\/wp-json\/wp\/v2\/pages\/803","targetHints":{"allow":["GET"]}}],"collection":[{"href":"https:\/\/rjpartners.pl\/en\/wp-json\/wp\/v2\/pages"}],"about":[{"href":"https:\/\/rjpartners.pl\/en\/wp-json\/wp\/v2\/types\/page"}],"author":[{"embeddable":true,"href":"https:\/\/rjpartners.pl\/en\/wp-json\/wp\/v2\/users\/1"}],"replies":[{"embeddable":true,"href":"https:\/\/rjpartners.pl\/en\/wp-json\/wp\/v2\/comments?post=803"}],"version-history":[{"count":16,"href":"https:\/\/rjpartners.pl\/en\/wp-json\/wp\/v2\/pages\/803\/revisions"}],"predecessor-version":[{"id":1792,"href":"https:\/\/rjpartners.pl\/en\/wp-json\/wp\/v2\/pages\/803\/revisions\/1792"}],"wp:attachment":[{"href":"https:\/\/rjpartners.pl\/en\/wp-json\/wp\/v2\/media?parent=803"}],"curies":[{"name":"wp","href":"https:\/\/api.w.org\/{rel}","templated":true}]}}