{"id":914,"date":"2024-11-02T23:06:11","date_gmt":"2024-11-02T22:06:11","guid":{"rendered":"https:\/\/rjpartners.pl\/a-propos-de-nous\/"},"modified":"2024-11-20T00:54:09","modified_gmt":"2024-11-19T23:54:09","slug":"a-propos-de-nous","status":"publish","type":"page","link":"https:\/\/rjpartners.pl\/fr\/a-propos-de-nous\/","title":{"rendered":"\u00c0 propos de nous"},"content":{"rendered":"\t\t<div data-elementor-type=\"wp-page\" data-elementor-id=\"914\" class=\"elementor elementor-914 elementor-354\" data-elementor-post-type=\"page\">\n\t\t\t\t<div class=\"elementor-element elementor-element-5364397 e-flex e-con-boxed e-con e-parent\" data-id=\"5364397\" data-element_type=\"container\" data-settings=\"{&quot;background_background&quot;:&quot;classic&quot;}\">\n\t\t\t\t\t<div class=\"e-con-inner\">\n\t\t\t\t<div class=\"elementor-element elementor-element-f3d5cd6 tytul elementor-widget elementor-widget-heading\" data-id=\"f3d5cd6\" data-element_type=\"widget\" data-widget_type=\"heading.default\">\n\t\t\t\t<div class=\"elementor-widget-container\">\n\t\t\t\t\t<h1 class=\"elementor-heading-title elementor-size-default\">\u00c0 propos de nous<\/h1>\t\t\t\t<\/div>\n\t\t\t\t<\/div>\n\t\t\t\t\t<\/div>\n\t\t\t\t<\/div>\n\t\t<div class=\"elementor-element elementor-element-18acd7b e-flex e-con-boxed e-con e-parent\" data-id=\"18acd7b\" data-element_type=\"container\">\n\t\t\t\t\t<div class=\"e-con-inner\">\n\t\t<div class=\"elementor-element elementor-element-1aba493 e-con-full e-flex e-con e-child\" data-id=\"1aba493\" data-element_type=\"container\">\n\t\t\t\t<div class=\"elementor-element elementor-element-d3f2ae9 elementor-widget elementor-widget-text-editor\" data-id=\"d3f2ae9\" data-element_type=\"widget\" data-widget_type=\"text-editor.default\">\n\t\t\t\t<div class=\"elementor-widget-container\">\n\t\t\t\t\t\t\t\t\t<p>Le cabinet d\u2019avocats RJ Partners a \u00e9t\u00e9 fond\u00e9 en 2014 pour r\u00e9pondre aux besoins des clients recherchant des services de qualit\u00e9, fourni par des avocats forts d\u2019une exp\u00e9rience commerciale confirm\u00e9e, habitu\u00e9s \u00e0 \u00e9voluer dans un environnement international au c\u00f4t\u00e9 de clients issus de cultures juridiques diff\u00e9rentes. Les fondateurs du cabinet, Robert J\u0119drzejczyk et Michal Kubicz, tous deux conseils juridiques, forment \u00e9quipe depuis pr\u00e8s de dix- huit ans. En 2023, Alicja Lidzi\u0144ska est devenue la troisi\u00e8me associ\u00e9e du cabinet. Les associ\u00e9s dirigent un groupe de conseils juridiques, d\u2019avocats stagiaires et de conseils juridiques stagiaires, assist\u00e9 par des juristes junior. L\u2019associe g\u00e9rant du cabinet, Robert J\u0119drzejczyk, \u00e9tait dans les ann\u00e9es 1999-2014 associ\u00e9 au sein du cabinet international Gide Loyrette Nouel, connu en Pologne sous la d\u00e9nomination sociale Tokarczuk, J\u0119drzejczyk i Wsp\u00f3lnicy Kancelaria Prawna GLN sp.k.    <\/p>\n\t\t\t\t\t\t\t\t<\/div>\n\t\t\t\t<\/div>\n\t\t\t\t<\/div>\n\t\t<div class=\"elementor-element elementor-element-5d93813 e-con-full e-flex e-con e-child\" data-id=\"5d93813\" data-element_type=\"container\">\n\t\t\t\t<div class=\"elementor-element elementor-element-a92624f elementor-widget elementor-widget-image\" data-id=\"a92624f\" data-element_type=\"widget\" data-widget_type=\"image.default\">\n\t\t\t\t<div class=\"elementor-widget-container\">\n\t\t\t\t\t\t\t\t\t\t\t\t\t\t\t<img fetchpriority=\"high\" decoding=\"async\" width=\"359\" height=\"236\" src=\"https:\/\/rjpartners.pl\/wp-content\/uploads\/2024\/11\/warszawa-centrum_panorama.webp\" class=\"attachment-full size-full wp-image-759\" alt=\"\" srcset=\"https:\/\/rjpartners.pl\/wp-content\/uploads\/2024\/11\/warszawa-centrum_panorama.webp 359w, https:\/\/rjpartners.pl\/wp-content\/uploads\/2024\/11\/warszawa-centrum_panorama-300x197.webp 300w\" sizes=\"(max-width: 359px) 100vw, 359px\" \/>\t\t\t\t\t\t\t\t\t\t\t\t\t\t\t<\/div>\n\t\t\t\t<\/div>\n\t\t\t\t<\/div>\n\t\t\t\t\t<\/div>\n\t\t\t\t<\/div>\n\t\t<div class=\"elementor-element elementor-element-5fd7b95 e-flex e-con-boxed e-con e-parent\" data-id=\"5fd7b95\" data-element_type=\"container\">\n\t\t\t\t\t<div class=\"e-con-inner\">\n\t\t\t\t<div class=\"elementor-element elementor-element-7703eb2 elementor-widget elementor-widget-heading\" data-id=\"7703eb2\" data-element_type=\"widget\" data-widget_type=\"heading.default\">\n\t\t\t\t<div class=\"elementor-widget-container\">\n\t\t\t\t\t<h2 class=\"elementor-heading-title elementor-size-default\">Les clients qui nous ont fait confiance<\/h2>\t\t\t\t<\/div>\n\t\t\t\t<\/div>\n\t\t\t\t\t<\/div>\n\t\t\t\t<\/div>\n\t\t<div class=\"elementor-element elementor-element-e33340d e-flex e-con-boxed e-con e-parent\" data-id=\"e33340d\" data-element_type=\"container\">\n\t\t\t\t\t<div class=\"e-con-inner\">\n\t\t<div class=\"elementor-element elementor-element-8d913fe e-con-full e-flex e-con e-child\" data-id=\"8d913fe\" data-element_type=\"container\">\n\t\t\t\t<div class=\"elementor-element elementor-element-212364e elementor-widget elementor-widget-image\" data-id=\"212364e\" data-element_type=\"widget\" data-widget_type=\"image.default\">\n\t\t\t\t<div class=\"elementor-widget-container\">\n\t\t\t\t\t\t\t\t\t\t\t\t\t\t\t\t<a href=\"https:\/\/rjpartners.pl\/fr\/references\/#Veolia\">\n\t\t\t\t\t\t\t<img decoding=\"async\" width=\"200\" height=\"200\" src=\"https:\/\/rjpartners.pl\/wp-content\/uploads\/2024\/11\/referencje-veolia-energia-polska.jpg\" class=\"attachment-full size-full wp-image-731\" alt=\"\" srcset=\"https:\/\/rjpartners.pl\/wp-content\/uploads\/2024\/11\/referencje-veolia-energia-polska.jpg 200w, https:\/\/rjpartners.pl\/wp-content\/uploads\/2024\/11\/referencje-veolia-energia-polska-150x150.jpg 150w\" sizes=\"(max-width: 200px) 100vw, 200px\" \/>\t\t\t\t\t\t\t\t<\/a>\n\t\t\t\t\t\t\t\t\t\t\t\t\t\t\t<\/div>\n\t\t\t\t<\/div>\n\t\t\t\t<\/div>\n\t\t<div class=\"elementor-element elementor-element-17c49b0 e-con-full e-flex e-con e-child\" data-id=\"17c49b0\" data-element_type=\"container\">\n\t\t\t\t<div class=\"elementor-element elementor-element-ab878d4 elementor-widget elementor-widget-image\" data-id=\"ab878d4\" data-element_type=\"widget\" data-widget_type=\"image.default\">\n\t\t\t\t<div class=\"elementor-widget-container\">\n\t\t\t\t\t\t\t\t\t\t\t\t\t\t\t\t<a href=\"https:\/\/rjpartners.pl\/fr\/references\/#PGE\">\n\t\t\t\t\t\t\t<img decoding=\"async\" width=\"200\" height=\"200\" src=\"https:\/\/rjpartners.pl\/wp-content\/uploads\/2024\/11\/referencje-pge-1.jpg\" class=\"attachment-full size-full wp-image-733\" alt=\"\" srcset=\"https:\/\/rjpartners.pl\/wp-content\/uploads\/2024\/11\/referencje-pge-1.jpg 200w, https:\/\/rjpartners.pl\/wp-content\/uploads\/2024\/11\/referencje-pge-1-150x150.jpg 150w\" sizes=\"(max-width: 200px) 100vw, 200px\" \/>\t\t\t\t\t\t\t\t<\/a>\n\t\t\t\t\t\t\t\t\t\t\t\t\t\t\t<\/div>\n\t\t\t\t<\/div>\n\t\t\t\t<\/div>\n\t\t<div class=\"elementor-element elementor-element-584286c e-con-full e-flex e-con e-child\" data-id=\"584286c\" data-element_type=\"container\">\n\t\t\t\t<div class=\"elementor-element elementor-element-9277f9b elementor-widget elementor-widget-image\" data-id=\"9277f9b\" data-element_type=\"widget\" data-widget_type=\"image.default\">\n\t\t\t\t<div class=\"elementor-widget-container\">\n\t\t\t\t\t\t\t\t\t\t\t\t\t\t\t\t<a href=\"https:\/\/rjpartners.pl\/fr\/references\/#Bonduelle-Polska\">\n\t\t\t\t\t\t\t<img loading=\"lazy\" decoding=\"async\" width=\"200\" height=\"200\" src=\"https:\/\/rjpartners.pl\/wp-content\/uploads\/2024\/11\/referencje-bonduelle-1.jpg\" class=\"attachment-full size-full wp-image-735\" alt=\"\" srcset=\"https:\/\/rjpartners.pl\/wp-content\/uploads\/2024\/11\/referencje-bonduelle-1.jpg 200w, https:\/\/rjpartners.pl\/wp-content\/uploads\/2024\/11\/referencje-bonduelle-1-150x150.jpg 150w\" sizes=\"(max-width: 200px) 100vw, 200px\" \/>\t\t\t\t\t\t\t\t<\/a>\n\t\t\t\t\t\t\t\t\t\t\t\t\t\t\t<\/div>\n\t\t\t\t<\/div>\n\t\t\t\t<\/div>\n\t\t<div class=\"elementor-element elementor-element-c1f1999 e-con-full e-flex e-con e-child\" data-id=\"c1f1999\" data-element_type=\"container\">\n\t\t\t\t<div class=\"elementor-element elementor-element-474e16a elementor-widget elementor-widget-image\" data-id=\"474e16a\" data-element_type=\"widget\" data-widget_type=\"image.default\">\n\t\t\t\t<div class=\"elementor-widget-container\">\n\t\t\t\t\t\t\t\t\t\t\t\t\t\t\t\t<a href=\"https:\/\/rjpartners.pl\/fr\/references\/#Bouygues-Immobilier-Polska\">\n\t\t\t\t\t\t\t<img loading=\"lazy\" decoding=\"async\" width=\"200\" height=\"200\" src=\"https:\/\/rjpartners.pl\/wp-content\/uploads\/2024\/11\/referencje-bouygues-immobilier.jpg\" class=\"attachment-full size-full wp-image-737\" alt=\"\" srcset=\"https:\/\/rjpartners.pl\/wp-content\/uploads\/2024\/11\/referencje-bouygues-immobilier.jpg 200w, https:\/\/rjpartners.pl\/wp-content\/uploads\/2024\/11\/referencje-bouygues-immobilier-150x150.jpg 150w\" sizes=\"(max-width: 200px) 100vw, 200px\" \/>\t\t\t\t\t\t\t\t<\/a>\n\t\t\t\t\t\t\t\t\t\t\t\t\t\t\t<\/div>\n\t\t\t\t<\/div>\n\t\t\t\t<\/div>\n\t\t\t\t\t<\/div>\n\t\t\t\t<\/div>\n\t\t<div class=\"elementor-element elementor-element-7f2f81b e-flex e-con-boxed e-con e-parent\" data-id=\"7f2f81b\" data-element_type=\"container\">\n\t\t\t\t\t<div class=\"e-con-inner\">\n\t\t<div class=\"elementor-element elementor-element-e56c426 e-con-full e-flex e-con e-child\" data-id=\"e56c426\" data-element_type=\"container\">\n\t\t\t\t<div class=\"elementor-element elementor-element-44ecd09 elementor-widget elementor-widget-image\" data-id=\"44ecd09\" data-element_type=\"widget\" data-widget_type=\"image.default\">\n\t\t\t\t<div class=\"elementor-widget-container\">\n\t\t\t\t\t\t\t\t\t\t\t\t\t\t\t\t<a href=\"https:\/\/rjpartners.pl\/fr\/references\/#CCIFP\">\n\t\t\t\t\t\t\t<img loading=\"lazy\" decoding=\"async\" width=\"200\" height=\"200\" src=\"https:\/\/rjpartners.pl\/wp-content\/uploads\/2024\/11\/referencje-cgi-france-pologne.jpg\" class=\"attachment-full size-full wp-image-739\" alt=\"\" srcset=\"https:\/\/rjpartners.pl\/wp-content\/uploads\/2024\/11\/referencje-cgi-france-pologne.jpg 200w, https:\/\/rjpartners.pl\/wp-content\/uploads\/2024\/11\/referencje-cgi-france-pologne-150x150.jpg 150w\" sizes=\"(max-width: 200px) 100vw, 200px\" \/>\t\t\t\t\t\t\t\t<\/a>\n\t\t\t\t\t\t\t\t\t\t\t\t\t\t\t<\/div>\n\t\t\t\t<\/div>\n\t\t\t\t<\/div>\n\t\t<div class=\"elementor-element elementor-element-b50bc87 e-con-full e-flex e-con e-child\" data-id=\"b50bc87\" data-element_type=\"container\">\n\t\t\t\t<div class=\"elementor-element elementor-element-be60fff elementor-widget elementor-widget-image\" data-id=\"be60fff\" data-element_type=\"widget\" data-widget_type=\"image.default\">\n\t\t\t\t<div class=\"elementor-widget-container\">\n\t\t\t\t\t\t\t\t\t\t\t\t\t\t\t\t<a href=\"https:\/\/rjpartners.pl\/fr\/references\/#Geodis-Polska\">\n\t\t\t\t\t\t\t<img loading=\"lazy\" decoding=\"async\" width=\"200\" height=\"200\" src=\"https:\/\/rjpartners.pl\/wp-content\/uploads\/2024\/11\/referencje-geodis.jpg\" class=\"attachment-full size-full wp-image-741\" alt=\"\" srcset=\"https:\/\/rjpartners.pl\/wp-content\/uploads\/2024\/11\/referencje-geodis.jpg 200w, https:\/\/rjpartners.pl\/wp-content\/uploads\/2024\/11\/referencje-geodis-150x150.jpg 150w\" sizes=\"(max-width: 200px) 100vw, 200px\" \/>\t\t\t\t\t\t\t\t<\/a>\n\t\t\t\t\t\t\t\t\t\t\t\t\t\t\t<\/div>\n\t\t\t\t<\/div>\n\t\t\t\t<\/div>\n\t\t<div class=\"elementor-element elementor-element-4495417 e-con-full e-flex e-con e-child\" data-id=\"4495417\" data-element_type=\"container\">\n\t\t\t\t<div class=\"elementor-element elementor-element-86bd965 elementor-widget elementor-widget-image\" data-id=\"86bd965\" data-element_type=\"widget\" data-widget_type=\"image.default\">\n\t\t\t\t<div class=\"elementor-widget-container\">\n\t\t\t\t\t\t\t\t\t\t\t\t\t\t\t\t<a href=\"https:\/\/rjpartners.pl\/fr\/references\/#Parfums-Christian-Dior\">\n\t\t\t\t\t\t\t<img loading=\"lazy\" decoding=\"async\" width=\"200\" height=\"200\" src=\"https:\/\/rjpartners.pl\/wp-content\/uploads\/2024\/11\/referencje-christian-dior-parfums.jpg\" class=\"attachment-full size-full wp-image-743\" alt=\"\" srcset=\"https:\/\/rjpartners.pl\/wp-content\/uploads\/2024\/11\/referencje-christian-dior-parfums.jpg 200w, https:\/\/rjpartners.pl\/wp-content\/uploads\/2024\/11\/referencje-christian-dior-parfums-150x150.jpg 150w\" sizes=\"(max-width: 200px) 100vw, 200px\" \/>\t\t\t\t\t\t\t\t<\/a>\n\t\t\t\t\t\t\t\t\t\t\t\t\t\t\t<\/div>\n\t\t\t\t<\/div>\n\t\t\t\t<\/div>\n\t\t<div class=\"elementor-element elementor-element-7d7dd57 e-con-full e-flex e-con e-child\" data-id=\"7d7dd57\" data-element_type=\"container\">\n\t\t\t\t<div class=\"elementor-element elementor-element-c127213 elementor-widget elementor-widget-image\" data-id=\"c127213\" data-element_type=\"widget\" data-widget_type=\"image.default\">\n\t\t\t\t<div class=\"elementor-widget-container\">\n\t\t\t\t\t\t\t\t\t\t\t\t\t\t\t\t<a href=\"https:\/\/rjpartners.pl\/fr\/references\/#Alten-Polska\">\n\t\t\t\t\t\t\t<img loading=\"lazy\" decoding=\"async\" width=\"200\" height=\"200\" src=\"https:\/\/rjpartners.pl\/wp-content\/uploads\/2024\/11\/referencje-alten-polska.jpg\" class=\"attachment-full size-full wp-image-745\" alt=\"\" srcset=\"https:\/\/rjpartners.pl\/wp-content\/uploads\/2024\/11\/referencje-alten-polska.jpg 200w, https:\/\/rjpartners.pl\/wp-content\/uploads\/2024\/11\/referencje-alten-polska-150x150.jpg 150w\" sizes=\"(max-width: 200px) 100vw, 200px\" \/>\t\t\t\t\t\t\t\t<\/a>\n\t\t\t\t\t\t\t\t\t\t\t\t\t\t\t<\/div>\n\t\t\t\t<\/div>\n\t\t\t\t<\/div>\n\t\t\t\t\t<\/div>\n\t\t\t\t<\/div>\n\t\t<div class=\"elementor-element elementor-element-962d326 e-flex e-con-boxed e-con e-parent\" data-id=\"962d326\" data-element_type=\"container\">\n\t\t\t\t\t<div class=\"e-con-inner\">\n\t\t<div class=\"elementor-element elementor-element-cbd36c7 e-con-full e-flex e-con e-child\" data-id=\"cbd36c7\" data-element_type=\"container\">\n\t\t\t\t<div class=\"elementor-element elementor-element-7c35ea1 elementor-widget elementor-widget-image\" data-id=\"7c35ea1\" data-element_type=\"widget\" data-widget_type=\"image.default\">\n\t\t\t\t<div class=\"elementor-widget-container\">\n\t\t\t\t\t\t\t\t\t\t\t\t\t\t\t\t<a href=\"https:\/\/rjpartners.pl\/fr\/references\/#Suez-Polska\">\n\t\t\t\t\t\t\t<img loading=\"lazy\" decoding=\"async\" width=\"200\" height=\"200\" src=\"https:\/\/rjpartners.pl\/wp-content\/uploads\/2024\/11\/referencje-suez.jpg\" class=\"attachment-full size-full wp-image-747\" alt=\"\" srcset=\"https:\/\/rjpartners.pl\/wp-content\/uploads\/2024\/11\/referencje-suez.jpg 200w, https:\/\/rjpartners.pl\/wp-content\/uploads\/2024\/11\/referencje-suez-150x150.jpg 150w\" sizes=\"(max-width: 200px) 100vw, 200px\" \/>\t\t\t\t\t\t\t\t<\/a>\n\t\t\t\t\t\t\t\t\t\t\t\t\t\t\t<\/div>\n\t\t\t\t<\/div>\n\t\t\t\t<\/div>\n\t\t<div class=\"elementor-element elementor-element-7157361 e-con-full e-flex e-con e-child\" data-id=\"7157361\" data-element_type=\"container\">\n\t\t\t\t<div class=\"elementor-element elementor-element-eb0748a elementor-widget elementor-widget-image\" data-id=\"eb0748a\" data-element_type=\"widget\" data-widget_type=\"image.default\">\n\t\t\t\t<div class=\"elementor-widget-container\">\n\t\t\t\t\t\t\t\t\t\t\t\t\t\t\t\t<a href=\"https:\/\/rjpartners.pl\/fr\/references\/#PGDI\">\n\t\t\t\t\t\t\t<img loading=\"lazy\" decoding=\"async\" width=\"200\" height=\"200\" src=\"https:\/\/rjpartners.pl\/wp-content\/uploads\/2024\/11\/referencje-groupe-joncoux.jpg\" class=\"attachment-full size-full wp-image-749\" alt=\"\" srcset=\"https:\/\/rjpartners.pl\/wp-content\/uploads\/2024\/11\/referencje-groupe-joncoux.jpg 200w, https:\/\/rjpartners.pl\/wp-content\/uploads\/2024\/11\/referencje-groupe-joncoux-150x150.jpg 150w\" sizes=\"(max-width: 200px) 100vw, 200px\" \/>\t\t\t\t\t\t\t\t<\/a>\n\t\t\t\t\t\t\t\t\t\t\t\t\t\t\t<\/div>\n\t\t\t\t<\/div>\n\t\t\t\t<\/div>\n\t\t<div class=\"elementor-element elementor-element-8297e57 e-con-full e-flex e-con e-child\" data-id=\"8297e57\" data-element_type=\"container\">\n\t\t\t\t<div class=\"elementor-element elementor-element-4a025b4 elementor-widget elementor-widget-image\" data-id=\"4a025b4\" data-element_type=\"widget\" data-widget_type=\"image.default\">\n\t\t\t\t<div class=\"elementor-widget-container\">\n\t\t\t\t\t\t\t\t\t\t\t\t\t\t\t\t<a href=\"https:\/\/rjpartners.pl\/fr\/references\/#Tiru\">\n\t\t\t\t\t\t\t<img loading=\"lazy\" decoding=\"async\" width=\"200\" height=\"200\" src=\"https:\/\/rjpartners.pl\/wp-content\/uploads\/2024\/11\/referencje-tiru-groupe-edf.jpg\" class=\"attachment-full size-full wp-image-751\" alt=\"\" srcset=\"https:\/\/rjpartners.pl\/wp-content\/uploads\/2024\/11\/referencje-tiru-groupe-edf.jpg 200w, https:\/\/rjpartners.pl\/wp-content\/uploads\/2024\/11\/referencje-tiru-groupe-edf-150x150.jpg 150w\" sizes=\"(max-width: 200px) 100vw, 200px\" \/>\t\t\t\t\t\t\t\t<\/a>\n\t\t\t\t\t\t\t\t\t\t\t\t\t\t\t<\/div>\n\t\t\t\t<\/div>\n\t\t\t\t<\/div>\n\t\t<div class=\"elementor-element elementor-element-8151bc7 e-con-full e-flex e-con e-child\" data-id=\"8151bc7\" data-element_type=\"container\">\n\t\t\t\t<div class=\"elementor-element elementor-element-9672cd1 elementor-widget elementor-widget-image\" data-id=\"9672cd1\" data-element_type=\"widget\" data-widget_type=\"image.default\">\n\t\t\t\t<div class=\"elementor-widget-container\">\n\t\t\t\t\t\t\t\t\t\t\t\t\t\t\t\t<a href=\"https:\/\/rjpartners.pl\/fr\/references\/#Alten-GmbH\">\n\t\t\t\t\t\t\t<img loading=\"lazy\" decoding=\"async\" width=\"200\" height=\"200\" src=\"https:\/\/rjpartners.pl\/wp-content\/uploads\/2024\/11\/referencje-alten.jpg\" class=\"attachment-full size-full wp-image-753\" alt=\"\" srcset=\"https:\/\/rjpartners.pl\/wp-content\/uploads\/2024\/11\/referencje-alten.jpg 200w, https:\/\/rjpartners.pl\/wp-content\/uploads\/2024\/11\/referencje-alten-150x150.jpg 150w\" sizes=\"(max-width: 200px) 100vw, 200px\" \/>\t\t\t\t\t\t\t\t<\/a>\n\t\t\t\t\t\t\t\t\t\t\t\t\t\t\t<\/div>\n\t\t\t\t<\/div>\n\t\t\t\t<\/div>\n\t\t\t\t\t<\/div>\n\t\t\t\t<\/div>\n\t\t<div class=\"elementor-element elementor-element-707f999 e-flex e-con-boxed e-con e-parent\" data-id=\"707f999\" data-element_type=\"container\">\n\t\t\t\t\t<div class=\"e-con-inner\">\n\t\t<div class=\"elementor-element elementor-element-aea3901 e-con-full elementor-hidden-desktop elementor-hidden-tablet elementor-hidden-mobile e-flex e-con e-child\" data-id=\"aea3901\" data-element_type=\"container\">\n\t\t\t\t<\/div>\n\t\t<div class=\"elementor-element elementor-element-d0e308f e-con-full e-flex e-con e-child\" data-id=\"d0e308f\" data-element_type=\"container\">\n\t\t\t\t<div class=\"elementor-element elementor-element-0ec35e6 elementor-widget elementor-widget-image\" data-id=\"0ec35e6\" data-element_type=\"widget\" data-widget_type=\"image.default\">\n\t\t\t\t<div class=\"elementor-widget-container\">\n\t\t\t\t\t\t\t\t\t\t\t\t\t\t\t\t<a href=\"https:\/\/rjpartners.pl\/fr\/references\/#Stolbud\">\n\t\t\t\t\t\t\t<img loading=\"lazy\" decoding=\"async\" width=\"200\" height=\"200\" src=\"https:\/\/rjpartners.pl\/wp-content\/uploads\/2024\/11\/referencje-atolbud-warszawa.jpg\" class=\"attachment-full size-full wp-image-755\" alt=\"\" srcset=\"https:\/\/rjpartners.pl\/wp-content\/uploads\/2024\/11\/referencje-atolbud-warszawa.jpg 200w, https:\/\/rjpartners.pl\/wp-content\/uploads\/2024\/11\/referencje-atolbud-warszawa-150x150.jpg 150w\" sizes=\"(max-width: 200px) 100vw, 200px\" \/>\t\t\t\t\t\t\t\t<\/a>\n\t\t\t\t\t\t\t\t\t\t\t\t\t\t\t<\/div>\n\t\t\t\t<\/div>\n\t\t\t\t<\/div>\n\t\t<div class=\"elementor-element elementor-element-be71bed e-con-full e-flex e-con e-child\" data-id=\"be71bed\" data-element_type=\"container\">\n\t\t\t\t<div class=\"elementor-element elementor-element-f7a1d6c elementor-widget elementor-widget-image\" data-id=\"f7a1d6c\" data-element_type=\"widget\" data-widget_type=\"image.default\">\n\t\t\t\t<div class=\"elementor-widget-container\">\n\t\t\t\t\t\t\t\t\t\t\t\t\t\t\t\t<a href=\"https:\/\/rjpartners.pl\/fr\/references\/#Auchan\">\n\t\t\t\t\t\t\t<img loading=\"lazy\" decoding=\"async\" width=\"200\" height=\"200\" src=\"https:\/\/rjpartners.pl\/wp-content\/uploads\/2024\/11\/referencje-auchan-polska.jpg\" class=\"attachment-full size-full wp-image-757\" alt=\"\" srcset=\"https:\/\/rjpartners.pl\/wp-content\/uploads\/2024\/11\/referencje-auchan-polska.jpg 200w, https:\/\/rjpartners.pl\/wp-content\/uploads\/2024\/11\/referencje-auchan-polska-150x150.jpg 150w\" sizes=\"(max-width: 200px) 100vw, 200px\" \/>\t\t\t\t\t\t\t\t<\/a>\n\t\t\t\t\t\t\t\t\t\t\t\t\t\t\t<\/div>\n\t\t\t\t<\/div>\n\t\t\t\t<\/div>\n\t\t<div class=\"elementor-element elementor-element-9dd27b5 e-con-full elementor-hidden-desktop elementor-hidden-tablet elementor-hidden-mobile e-flex e-con e-child\" data-id=\"9dd27b5\" data-element_type=\"container\">\n\t\t\t\t<\/div>\n\t\t\t\t\t<\/div>\n\t\t\t\t<\/div>\n\t\t<div class=\"elementor-element elementor-element-98d7daa e-flex e-con-boxed e-con e-parent\" data-id=\"98d7daa\" data-element_type=\"container\" data-settings=\"{&quot;background_background&quot;:&quot;classic&quot;}\">\n\t\t\t\t\t<div class=\"e-con-inner\">\n\t\t\t\t<div class=\"elementor-element elementor-element-b9593ad elementor-widget elementor-widget-heading\" data-id=\"b9593ad\" data-element_type=\"widget\" data-widget_type=\"heading.default\">\n\t\t\t\t<div class=\"elementor-widget-container\">\n\t\t\t\t\t<h2 class=\"elementor-heading-title elementor-size-default\">Nous contacter<\/h2>\t\t\t\t<\/div>\n\t\t\t\t<\/div>\n\t\t\t\t\t<\/div>\n\t\t\t\t<\/div>\n\t\t<div class=\"elementor-element elementor-element-7123499 e-flex e-con-boxed e-con e-parent\" data-id=\"7123499\" data-element_type=\"container\" data-settings=\"{&quot;background_background&quot;:&quot;classic&quot;}\">\n\t\t\t\t\t<div class=\"e-con-inner\">\n\t\t<div class=\"elementor-element elementor-element-043849c e-con-full e-flex e-con e-child\" data-id=\"043849c\" data-element_type=\"container\">\n\t\t\t\t<div class=\"elementor-element elementor-element-6308963 elementor-widget elementor-widget-text-editor\" data-id=\"6308963\" data-element_type=\"widget\" data-widget_type=\"text-editor.default\">\n\t\t\t\t<div class=\"elementor-widget-container\">\n\t\t\t\t\t\t\t\t\t<p><strong>Robert J\u0119drzejczyk i Wsp\u00f3lnicy<\/strong><\/p>\n<p>00-014 Warszawa, ul. Moniuszki 1A<br \/>tel: <a href=\"\" data-wplink-url-error=\"\">(+ 48) 22 660 31 00<\/a><br \/>e-mail : <a href=\"\">biuro@rjpartners.pl<\/a> <\/p>\n\t\t\t\t\t\t\t\t<\/div>\n\t\t\t\t<\/div>\n\t\t\t\t<\/div>\n\t\t<div class=\"elementor-element elementor-element-45bc4c7 e-con-full e-flex e-con e-child\" data-id=\"45bc4c7\" data-element_type=\"container\">\n\t\t\t\t<div class=\"elementor-element elementor-element-01fb0e9 elementor-widget elementor-widget-text-editor\" data-id=\"01fb0e9\" data-element_type=\"widget\" data-widget_type=\"text-editor.default\">\n\t\t\t\t<div class=\"elementor-widget-container\">\n\t\t\t\t\t\t\t\t\t<p><strong>Micha\u0142 Kubicz<\/strong><\/p>\n<p>Conseil Juridique, Associ\u00e9<br \/>mob. <a href=\"\" data-wplink-url-error=\"\">(+48) 510 070 285<\/a><br \/>e-mail: <a href=\"\">michal.kubicz@rjpartners.pl<\/a> <\/p>\n\t\t\t\t\t\t\t\t<\/div>\n\t\t\t\t<\/div>\n\t\t\t\t<\/div>\n\t\t<div class=\"elementor-element elementor-element-822ba93 e-con-full e-flex e-con e-child\" data-id=\"822ba93\" data-element_type=\"container\">\n\t\t\t\t<div class=\"elementor-element elementor-element-36f048b elementor-widget elementor-widget-text-editor\" data-id=\"36f048b\" data-element_type=\"widget\" data-widget_type=\"text-editor.default\">\n\t\t\t\t<div class=\"elementor-widget-container\">\n\t\t\t\t\t\t\t\t\t<p><strong>Robert J\u0119drzejczyk<\/strong><\/p>\n<p>Conseil Juridique, Associ\u00e9 G\u00e9rant<br \/>mob. <a href=\"\" data-wplink-url-error=\"\"> (+48) 509 598 316<\/a><br \/>e-mail: <a href=\"\">robert.jedrzejczyk@rjpartners.pl<\/a> <\/p>\n\t\t\t\t\t\t\t\t<\/div>\n\t\t\t\t<\/div>\n\t\t\t\t<\/div>\n\t\t<div class=\"elementor-element elementor-element-17c4db2 e-con-full e-flex e-con e-child\" data-id=\"17c4db2\" data-element_type=\"container\">\n\t\t\t\t<div class=\"elementor-element elementor-element-39c641d elementor-widget elementor-widget-text-editor\" data-id=\"39c641d\" data-element_type=\"widget\" data-widget_type=\"text-editor.default\">\n\t\t\t\t<div class=\"elementor-widget-container\">\n\t\t\t\t\t\t\t\t\t<p><strong>Alicja Lidzi\u0144ska<\/strong><\/p>\n<p>Radca Prawny, Wsp\u00f3lnik<br \/>tel. kom. <a href=\"http:\/\/+48784512182\" data-wplink-url-error=\"true\">(+48) 784 512 182<\/a><br \/>e-mail: <a href=\"mailto:alicja.lidzinska@rjpartners.pl\">alicja.lidzinska@rjpartners.pl<\/a> <\/p>\n\t\t\t\t\t\t\t\t<\/div>\n\t\t\t\t<\/div>\n\t\t\t\t<\/div>\n\t\t\t\t\t<\/div>\n\t\t\t\t<\/div>\n\t\t\t\t<\/div>\n\t\t","protected":false},"excerpt":{"rendered":"<p>\u00c0 propos de nous Le cabinet d\u2019avocats RJ Partners a \u00e9t\u00e9 fond\u00e9 en 2014 pour r\u00e9pondre aux besoins des clients recherchant des services de qualit\u00e9, fourni par des avocats forts d\u2019une exp\u00e9rience commerciale confirm\u00e9e, habitu\u00e9s \u00e0 \u00e9voluer dans un environnement international au c\u00f4t\u00e9 de clients issus de cultures juridiques diff\u00e9rentes. Les fondateurs du cabinet, Robert [&hellip;]<\/p>\n","protected":false},"author":1,"featured_media":0,"parent":0,"menu_order":0,"comment_status":"closed","ping_status":"closed","template":"","meta":{"om_disable_all_campaigns":false,"_monsterinsights_skip_tracking":false,"_monsterinsights_sitenote_active":false,"_monsterinsights_sitenote_note":"","_monsterinsights_sitenote_category":0,"footnotes":""},"class_list":["post-914","page","type-page","status-publish","hentry"],"aioseo_notices":[],"_links":{"self":[{"href":"https:\/\/rjpartners.pl\/fr\/wp-json\/wp\/v2\/pages\/914","targetHints":{"allow":["GET"]}}],"collection":[{"href":"https:\/\/rjpartners.pl\/fr\/wp-json\/wp\/v2\/pages"}],"about":[{"href":"https:\/\/rjpartners.pl\/fr\/wp-json\/wp\/v2\/types\/page"}],"author":[{"embeddable":true,"href":"https:\/\/rjpartners.pl\/fr\/wp-json\/wp\/v2\/users\/1"}],"replies":[{"embeddable":true,"href":"https:\/\/rjpartners.pl\/fr\/wp-json\/wp\/v2\/comments?post=914"}],"version-history":[{"count":17,"href":"https:\/\/rjpartners.pl\/fr\/wp-json\/wp\/v2\/pages\/914\/revisions"}],"predecessor-version":[{"id":2149,"href":"https:\/\/rjpartners.pl\/fr\/wp-json\/wp\/v2\/pages\/914\/revisions\/2149"}],"wp:attachment":[{"href":"https:\/\/rjpartners.pl\/fr\/wp-json\/wp\/v2\/media?parent=914"}],"curies":[{"name":"wp","href":"https:\/\/api.w.org\/{rel}","templated":true}]}}