{"id":920,"date":"2024-11-02T23:43:36","date_gmt":"2024-11-02T22:43:36","guid":{"rendered":"https:\/\/rjpartners.pl\/notre-experience\/"},"modified":"2024-11-19T10:50:05","modified_gmt":"2024-11-19T09:50:05","slug":"notre-experience","status":"publish","type":"page","link":"https:\/\/rjpartners.pl\/fr\/notre-experience\/","title":{"rendered":"Notre exp\u00e9rience"},"content":{"rendered":"\t\t<div data-elementor-type=\"wp-page\" data-elementor-id=\"920\" class=\"elementor elementor-920 elementor-382\" data-elementor-post-type=\"page\">\n\t\t\t\t<div class=\"elementor-element elementor-element-1899ea4 e-flex e-con-boxed e-con e-parent\" data-id=\"1899ea4\" data-element_type=\"container\" data-settings=\"{&quot;background_background&quot;:&quot;classic&quot;}\">\n\t\t\t\t\t<div class=\"e-con-inner\">\n\t\t\t\t<div class=\"elementor-element elementor-element-12461c9 elementor-widget elementor-widget-heading\" data-id=\"12461c9\" data-element_type=\"widget\" data-widget_type=\"heading.default\">\n\t\t\t\t<div class=\"elementor-widget-container\">\n\t\t\t\t\t<h1 class=\"elementor-heading-title elementor-size-default\">Notre exp\u00e9rience<\/h1>\t\t\t\t<\/div>\n\t\t\t\t<\/div>\n\t\t\t\t\t<\/div>\n\t\t\t\t<\/div>\n\t\t<div class=\"elementor-element elementor-element-ec7dbe1 e-flex e-con-boxed e-con e-parent\" data-id=\"ec7dbe1\" data-element_type=\"container\">\n\t\t\t\t\t<div class=\"e-con-inner\">\n\t\t\t\t<div class=\"elementor-element elementor-element-389ec46 elementor-widget elementor-widget-text-editor\" data-id=\"389ec46\" data-element_type=\"widget\" data-widget_type=\"text-editor.default\">\n\t\t\t\t<div class=\"elementor-widget-container\">\n\t\t\t\t\t\t\t\t\t<h2><strong>Exp\u00e9rience du Cabinet: <\/strong><\/h2>\n\t\t\t\t\t\t\t\t<\/div>\n\t\t\t\t<\/div>\n\t\t\t\t\t<\/div>\n\t\t\t\t<\/div>\n\t\t<div class=\"elementor-element elementor-element-3362ca6 e-flex e-con-boxed e-con e-parent\" data-id=\"3362ca6\" data-element_type=\"container\">\n\t\t\t\t\t<div class=\"e-con-inner\">\n\t\t\t\t<div class=\"elementor-element elementor-element-4641996 elementor-widget elementor-widget-text-editor\" data-id=\"4641996\" data-element_type=\"widget\" data-widget_type=\"text-editor.default\">\n\t\t\t\t<div class=\"elementor-widget-container\">\n\t\t\t\t\t\t\t\t\t<ul>\n<li>conseil au groupe EDF dans le cadre de l\u2019acquisition de 100% des actions de Zak\u0142ad Energetyki Cieplnej S.A. \u00e0 Katowice,<\/li>\n<li>conseil \u00e0 une soci\u00e9t\u00e9 polonaise dans le cadre de la cession de deux biens immobiliers destin\u00e9s \u00e0 la construction d\u2019un ensemble d\u2019immeubles \u00e0 usage d\u2019habitation \u00e0 Varsovie;<\/li>\n<li>conseil au groupe EDF dans le cadre de l\u2019acquisition de 100% des parts sociales dans la soci\u00e9t\u00e9 Matex Controls Sp. z o.o. <\/li>\n<li>conseil au groupe EDF dans le cadre de la proc\u00e9dure de choix du partenaire public-priv\u00e9 pour la pr\u00e9paration du projet, la construction et l\u2019exploitation d\u2019une usine d\u2019incin\u00e9ration de d\u00e9chets \u00e0 Gda\u0144sk<\/li>\n<li>conseil au groupe EDF dans le cadre de la proc\u00e9dure de choix du partenaire public-priv\u00e9 pour un projet visant \u00e0 am\u00e9liorer l\u2019effectivit\u00e9 \u00e9nerg\u00e9tique dans l\u2019agglom\u00e9ration sil\u00e9sienne<\/li>\n<li>conseil au groupe EDF dans le cadre du rachat des actions des employ\u00e9s<\/li>\n<li>conseil dans le cadre de la cession, par une soci\u00e9t\u00e9 du groupe VEOLIA, de biens immobiliers \u00e0 \u0141odz et Poznan<\/li>\n<li>conseil dans l\u2019acquisition de biens immobiliers par des groupes de capitaux internationaux sp\u00e9cialis\u00e9s dans le commerce de grande surface<\/li>\n<li>conseil dans le cadre de l\u2019acquisition des parts sociales de la soci\u00e9t\u00e9 de holding contr\u00f4lant le club de footbal Legia Warszawa<\/li>\n<li>conseil \u00e0 un investisseur fran\u00e7ais du secteur informatique dans le cadre de l\u2019acquisition de soci\u00e9t\u00e9s en Pologne<\/li>\n<li>conseil \u00e0 un investisseur fran\u00e7ais dans le cadre de l\u2019acquisition de 100% des parts sociales dans une soci\u00e9t\u00e9 de production de moules pour moulage par injection<\/li>\n<li>conseil au groupe AIRLIQUIDE dans le cadre de l\u2019acquisition de soci\u00e9t\u00e9s et de fonds de commerce sp\u00e9cialis\u00e9s dans la ventilation m\u00e9caniques des patients<\/li>\n<li>conseil \u00e0 un groupe d\u2019investisseurs individuels polonais dans le cadre de la cession d\u2019une soci\u00e9t\u00e9 sp\u00e9cialis\u00e9e dans le commerce de charbon<\/li>\n<li>conseil au groupe VEOLIA dans le cadre de la construction d\u2019une nouvelle source de chaleur pour la ville de Varsovie<\/li>\n<li>conseil \u00e0 un groupe international publicitaire dans le cadre de l\u2019acquisition d\u2019une soci\u00e9t\u00e9 du domaine du marketing interactif<\/li>\n<li>conseil \u00e0 de nombreuses soci\u00e9t\u00e9s dans le cadre de la mise en place des mesures pr\u00e9vues par le r\u00e8glement g\u00e9n\u00e9ral sur la protection des donn\u00e9es (GDPR)<\/li>\n<li>conseil \u00e0 une entit\u00e9 investissant dans la plus grande soci\u00e9t\u00e9 de vente aux ench\u00e8res polonaise DESA S.A.<\/li>\n<li>conseil dans le cadre de la n\u00e9gociation d\u2019un accord \u00e0 l\u2019amiable mettant terme \u00e0 un litige entre les parties d\u2019un contrat de cession de parts sociales dans une soci\u00e9t\u00e9 polonaise<\/li>\n<li>conseil \u00e0 une soci\u00e9t\u00e9 fran\u00e7aise de transport ferroviaire dans le cadre de l\u2019enregistrement de locomotives aupr\u00e8s de l\u2019Office du Transport Ferroviaire polonais ; conseil dans le cadre de la n\u00e9gociation de contrats de location de locomotives et de wagons<\/li>\n<li>conseil aux entreprises dans le cadre de proc\u00e9dures aupr\u00e8s de l\u2019Office de R\u00e9glementation de l\u2019\u00c9nergie institu\u00e9es \u00e0 la suite d\u2019infractions \u00e0 la limitation de consommation d\u2019\u00e9nergie<\/li>\n<li>conseil \u00e0 un investisseur fran\u00e7ais dans le cadre de l\u2019implantation, en Pologne, d\u2019une activit\u00e9 dans le domaine des assurances<\/li>\n<li>conseil \u00e0 un investisseur fran\u00e7ais, leader europ\u00e9en dans la biotechnologie, d\u00e9tenant des parts sociales dans une station d\u2019ins\u00e9mination d\u2019animaux, dans le cadre des relations entre les associ\u00e9s et la soci\u00e9t\u00e9<\/li>\n<li>conseil courant \u00e0doradztwo na rzecz\n<ul>\n<li>des clients fran\u00e7ais du domaine de la production alimentaire<\/li>\n<li>des clients fran\u00e7ais du domaine des produits cosm\u00e9tiques<\/li>\n<li>des soci\u00e9t\u00e9s internationales dans le domaine du transport et de la logistique<\/li>\n<li>une soci\u00e9t\u00e9 internationale producteur d\u2019enseignes lumineuses<\/li>\n<\/ul>\n<\/li>\n<\/ul>\n\t\t\t\t\t\t\t\t<\/div>\n\t\t\t\t<\/div>\n\t\t\t\t\t<\/div>\n\t\t\t\t<\/div>\n\t\t<div class=\"elementor-element elementor-element-e4ec18b e-flex e-con-boxed e-con e-parent\" data-id=\"e4ec18b\" data-element_type=\"container\">\n\t\t\t\t\t<div class=\"e-con-inner\">\n\t\t\t\t<div class=\"elementor-element elementor-element-4ff999f elementor-widget elementor-widget-text-editor\" data-id=\"4ff999f\" data-element_type=\"widget\" data-widget_type=\"text-editor.default\">\n\t\t\t\t<div class=\"elementor-widget-container\">\n\t\t\t\t\t\t\t\t\t<h2><strong>Robert J\u0119drzejczyk a \u00e9galement conseill\u00e9 les clients dans le cadre de:<\/strong><\/h2>\n\t\t\t\t\t\t\t\t<\/div>\n\t\t\t\t<\/div>\n\t\t\t\t\t<\/div>\n\t\t\t\t<\/div>\n\t\t<div class=\"elementor-element elementor-element-6cd638f e-flex e-con-boxed e-con e-parent\" data-id=\"6cd638f\" data-element_type=\"container\">\n\t\t\t\t\t<div class=\"e-con-inner\">\n\t\t\t\t<div class=\"elementor-element elementor-element-1dfa9af elementor-widget elementor-widget-text-editor\" data-id=\"1dfa9af\" data-element_type=\"widget\" data-widget_type=\"text-editor.default\">\n\t\t\t\t<div class=\"elementor-widget-container\">\n\t\t\t\t\t\t\t\t\t<ul>\n<li>l\u2019acquisition de 85% des actions de Sto\u0142eczne Przedsi\u0119biorstwo Energetyki Cieplnej S.A. (SPEC S.A., actuellement Veolia Energia Warszawa S.A.) aupr\u00e8s de la Ville de Varsovie<\/li>\n<li>l\u2019acquisition aupr\u00e8s du Tr\u00e9sor Public d\u2019un bloc majoritaire d\u2019actions (85%) de Zesp\u00f3\u0142 Elektrociep\u0142owni \u0141\u00f3d\u017a S.A. (actuellement Veolia Energia \u0141\u00f3d\u017a S.A.)<\/li>\n<\/ul>\n\t\t\t\t\t\t\t\t<\/div>\n\t\t\t\t<\/div>\n\t\t\t\t\t<\/div>\n\t\t\t\t<\/div>\n\t\t<div class=\"elementor-element elementor-element-443b997 e-flex e-con-boxed e-con e-parent\" data-id=\"443b997\" data-element_type=\"container\" data-settings=\"{&quot;background_background&quot;:&quot;classic&quot;}\">\n\t\t\t\t\t<div class=\"e-con-inner\">\n\t\t\t\t<div class=\"elementor-element elementor-element-eee273f elementor-widget elementor-widget-heading\" data-id=\"eee273f\" data-element_type=\"widget\" data-widget_type=\"heading.default\">\n\t\t\t\t<div class=\"elementor-widget-container\">\n\t\t\t\t\t<h2 class=\"elementor-heading-title elementor-size-default\">Nous contacter<\/h2>\t\t\t\t<\/div>\n\t\t\t\t<\/div>\n\t\t\t\t\t<\/div>\n\t\t\t\t<\/div>\n\t\t<div class=\"elementor-element elementor-element-34f4aaa e-flex e-con-boxed e-con e-parent\" data-id=\"34f4aaa\" data-element_type=\"container\" data-settings=\"{&quot;background_background&quot;:&quot;classic&quot;}\">\n\t\t\t\t\t<div class=\"e-con-inner\">\n\t\t<div class=\"elementor-element elementor-element-d98f9f1 e-con-full e-flex e-con e-child\" data-id=\"d98f9f1\" data-element_type=\"container\">\n\t\t\t\t<div class=\"elementor-element elementor-element-f1afd5e elementor-widget elementor-widget-text-editor\" data-id=\"f1afd5e\" data-element_type=\"widget\" data-widget_type=\"text-editor.default\">\n\t\t\t\t<div class=\"elementor-widget-container\">\n\t\t\t\t\t\t\t\t\t<p><strong>Robert J\u0119drzejczyk i Wsp\u00f3lnicy<\/strong><\/p>\n<p>00-014 Warszawa, ul. Moniuszki 1A<br \/>tel: <a href=\"\" data-wplink-url-error=\"\">(+ 48) 22 660 31 00<\/a><br \/>e-mail : <a href=\"\">biuro@rjpartners.pl<\/a> <\/p>\n\t\t\t\t\t\t\t\t<\/div>\n\t\t\t\t<\/div>\n\t\t\t\t<\/div>\n\t\t<div class=\"elementor-element elementor-element-b050b71 e-con-full e-flex e-con e-child\" data-id=\"b050b71\" data-element_type=\"container\">\n\t\t\t\t<div class=\"elementor-element elementor-element-c9fd506 elementor-widget elementor-widget-text-editor\" data-id=\"c9fd506\" data-element_type=\"widget\" data-widget_type=\"text-editor.default\">\n\t\t\t\t<div class=\"elementor-widget-container\">\n\t\t\t\t\t\t\t\t\t<p><strong>Micha\u0142 Kubicz<\/strong><\/p>\n<p>Conseil Juridique, Associ\u00e9<br \/>mob. <a href=\"\" data-wplink-url-error=\"\">(+48) 510 070 285<\/a><br \/>e-mail: <a href=\"\">michal.kubicz@rjpartners.pl<\/a> <\/p>\n\t\t\t\t\t\t\t\t<\/div>\n\t\t\t\t<\/div>\n\t\t\t\t<\/div>\n\t\t<div class=\"elementor-element elementor-element-87e63b9 e-con-full e-flex e-con e-child\" data-id=\"87e63b9\" data-element_type=\"container\">\n\t\t\t\t<div class=\"elementor-element elementor-element-8d3240f elementor-widget elementor-widget-text-editor\" data-id=\"8d3240f\" data-element_type=\"widget\" data-widget_type=\"text-editor.default\">\n\t\t\t\t<div class=\"elementor-widget-container\">\n\t\t\t\t\t\t\t\t\t<p><strong>Robert J\u0119drzejczyk<\/strong><\/p>\n<p>Conseil Juridique, Associ\u00e9 G\u00e9rant<br \/>mob. <a href=\"\" data-wplink-url-error=\"\"> (+48) 509 598 316<\/a><br \/>e-mail: <a href=\"\">robert.jedrzejczyk@rjpartners.pl<\/a> <\/p>\n\t\t\t\t\t\t\t\t<\/div>\n\t\t\t\t<\/div>\n\t\t\t\t<\/div>\n\t\t<div class=\"elementor-element elementor-element-1fb9dea e-con-full e-flex e-con e-child\" data-id=\"1fb9dea\" data-element_type=\"container\">\n\t\t\t\t<div class=\"elementor-element elementor-element-fdcd112 elementor-widget elementor-widget-text-editor\" data-id=\"fdcd112\" data-element_type=\"widget\" data-widget_type=\"text-editor.default\">\n\t\t\t\t<div class=\"elementor-widget-container\">\n\t\t\t\t\t\t\t\t\t<p><strong>Alicja Lidzi\u0144ska<\/strong><\/p><p>Conseil Juridique, Associ\u00e9<br \/>mob. <a href=\"http:\/\/+48784512182\" data-wplink-url-error=\"true\">(+48) 784 512 182<\/a><br \/>e-mail: <a href=\"mailto:alicja.lidzinska@rjpartners.pl\">alicja.lidzinska@rjpartners.pl<\/a><\/p>\t\t\t\t\t\t\t\t<\/div>\n\t\t\t\t<\/div>\n\t\t\t\t<\/div>\n\t\t\t\t\t<\/div>\n\t\t\t\t<\/div>\n\t\t\t\t<\/div>\n\t\t","protected":false},"excerpt":{"rendered":"<p>Notre exp\u00e9rience Exp\u00e9rience du Cabinet: conseil au groupe EDF dans le cadre de l\u2019acquisition de 100% des actions de Zak\u0142ad Energetyki Cieplnej S.A. \u00e0 Katowice, conseil \u00e0 une soci\u00e9t\u00e9 polonaise dans le cadre de la cession de deux biens immobiliers destin\u00e9s \u00e0 la construction d\u2019un ensemble d\u2019immeubles \u00e0 usage d\u2019habitation \u00e0 Varsovie; conseil au groupe [&hellip;]<\/p>\n","protected":false},"author":1,"featured_media":0,"parent":0,"menu_order":0,"comment_status":"closed","ping_status":"closed","template":"","meta":{"om_disable_all_campaigns":false,"_monsterinsights_skip_tracking":false,"_monsterinsights_sitenote_active":false,"_monsterinsights_sitenote_note":"","_monsterinsights_sitenote_category":0,"footnotes":""},"class_list":["post-920","page","type-page","status-publish","hentry"],"aioseo_notices":[],"_links":{"self":[{"href":"https:\/\/rjpartners.pl\/fr\/wp-json\/wp\/v2\/pages\/920","targetHints":{"allow":["GET"]}}],"collection":[{"href":"https:\/\/rjpartners.pl\/fr\/wp-json\/wp\/v2\/pages"}],"about":[{"href":"https:\/\/rjpartners.pl\/fr\/wp-json\/wp\/v2\/types\/page"}],"author":[{"embeddable":true,"href":"https:\/\/rjpartners.pl\/fr\/wp-json\/wp\/v2\/users\/1"}],"replies":[{"embeddable":true,"href":"https:\/\/rjpartners.pl\/fr\/wp-json\/wp\/v2\/comments?post=920"}],"version-history":[{"count":13,"href":"https:\/\/rjpartners.pl\/fr\/wp-json\/wp\/v2\/pages\/920\/revisions"}],"predecessor-version":[{"id":1801,"href":"https:\/\/rjpartners.pl\/fr\/wp-json\/wp\/v2\/pages\/920\/revisions\/1801"}],"wp:attachment":[{"href":"https:\/\/rjpartners.pl\/fr\/wp-json\/wp\/v2\/media?parent=920"}],"curies":[{"name":"wp","href":"https:\/\/api.w.org\/{rel}","templated":true}]}}