{"id":938,"date":"2024-11-03T02:45:19","date_gmt":"2024-11-03T01:45:19","guid":{"rendered":"https:\/\/rjpartners.pl\/actualites\/"},"modified":"2024-11-14T20:52:56","modified_gmt":"2024-11-14T19:52:56","slug":"actualites","status":"publish","type":"page","link":"https:\/\/rjpartners.pl\/fr\/actualites\/","title":{"rendered":"Actualit\u00e9s"},"content":{"rendered":"\t\t<div data-elementor-type=\"wp-page\" data-elementor-id=\"938\" class=\"elementor elementor-938 elementor-595\" data-elementor-post-type=\"page\">\n\t\t\t\t<div class=\"elementor-element elementor-element-f17c4e4 e-flex e-con-boxed e-con e-parent\" data-id=\"f17c4e4\" data-element_type=\"container\" data-settings=\"{&quot;background_background&quot;:&quot;classic&quot;}\">\n\t\t\t\t\t<div class=\"e-con-inner\">\n\t\t\t\t<div class=\"elementor-element elementor-element-d812d95 elementor-widget elementor-widget-heading\" data-id=\"d812d95\" data-element_type=\"widget\" data-widget_type=\"heading.default\">\n\t\t\t\t<div class=\"elementor-widget-container\">\n\t\t\t\t\t<h1 class=\"elementor-heading-title elementor-size-default\">Actualit\u00e9s<\/h1>\t\t\t\t<\/div>\n\t\t\t\t<\/div>\n\t\t\t\t\t<\/div>\n\t\t\t\t<\/div>\n\t\t<div class=\"elementor-element elementor-element-2569e82 e-flex e-con-boxed e-con e-parent\" data-id=\"2569e82\" data-element_type=\"container\">\n\t\t\t\t\t<div class=\"e-con-inner\">\n\t\t\t\t<div class=\"elementor-element elementor-element-cff5e6e elementor-widget elementor-widget-shortcode\" data-id=\"cff5e6e\" data-element_type=\"widget\" data-widget_type=\"shortcode.default\">\n\t\t\t\t<div class=\"elementor-widget-container\">\n\t\t\t\t\t\t\t<div class=\"elementor-shortcode\"><div class=\"custom-post-list\"><div class=\"post-item\"><h3>RJ &amp; Partners conseillait le groupe Wistil lors de l\u2019achat des actions de Vertex S.A.<\/h3><p>Le cabinet RJ &amp; Partners conseillait le groupe Wistil lors de l\u2019achat de 100% d\u2019actions de la soci\u00e9t\u00e9 Vertex S.A. \u00e0 Pisla OY, une entreprise finlandaise sp\u00e9cialis\u00e9e sur le march\u00e9 de la maison et du jardinage. Vertex est le fabricant des produits ext\u00e9rieures et int\u00e9rieurs de la protection solaire pour fen\u00eatres. Vertex est le fabricant [&hellip;]<\/p><button class=\"read-more-button\" data-lang=\"fr\" onclick=\"window.location.href='https:\/\/rjpartners.pl\/fr\/rj-partners-conseillait-le-groupe-wistil-lors-de-lachat-des-actions-de-vertex-s-a\/'\">Czytaj wi\u0119cej<\/button><\/div><div class=\"post-item\"><h3>Questions en rapport avec Le Registre central des B\u00e9n\u00e9ficiaires Effectifs<\/h3><p>Depuis le 13 octobre 2019, Le minist\u00e8re des Finances tient un nouveau registre \u2013 Le Registre des B\u00e9n\u00e9ficiaires Effectifs \u2013 auquel l\u2019entr\u00e9e sera obligatoire pour la plupart des soci\u00e9t\u00e9s de droit commercial. Le fait de ne pas d\u00e9poser le document relatif au b\u00e9n\u00e9ficiaire effectif est constitutif d\u2019un d\u00e9lit p\u00e9nal puni d\u2019une amende allant jusqu\u2019\u00e0 1 [&hellip;]<\/p><button class=\"read-more-button\" data-lang=\"fr\" onclick=\"window.location.href='https:\/\/rjpartners.pl\/fr\/questions-en-rapport-avec-le-registre-central-des-beneficiaires-effectifs\/'\">Czytaj wi\u0119cej<\/button><\/div><div class=\"post-item\"><h3>Simplifications pour les PME adopt\u00e9es par la Di\u00e8te (Sejm)<\/h3><p>Apr\u00e8s le lot de \u201e100 changements pour les entreprises\u201d et la \u201eConstitution du Business\u201d, la Di\u00e8te vient d\u2019adopter un projet de loi ayant pour vocation de faciliter l\u2019exercice d\u2019une activit\u00e9 \u00e9conomique par les PME en Pologne. 50 simplifications sont pr\u00e9vues, lesquelles, selon les auteurs du projet de loi, assureront aux entrepreneurs des \u00e9conomies de pr\u00e8s [&hellip;]<\/p><button class=\"read-more-button\" data-lang=\"fr\" onclick=\"window.location.href='https:\/\/rjpartners.pl\/fr\/simplifications-pour-les-pme-adoptees-par-la-diete-sejm\/'\">Czytaj wi\u0119cej<\/button><\/div><div class=\"post-item\"><h3>Newsletter novembre 2018<\/h3><p>Le Projet de loi sur la responsabilit\u00e9 des entit\u00e9s au titre d\u2019infractions p\u00e9nales a \u00e9t\u00e9 publi\u00e9 par le Minist\u00e8re de la Justice au mois de juin. Le 22 octobre, ce projet a \u00e9t\u00e9 adopt\u00e9 par le Comit\u00e9 permanent pr\u00e8s le Conseil des Ministres. Ces nouvelles dispositions vont remplacer la loi du 28 octobre 2002 sur [&hellip;]<\/p><button class=\"read-more-button\" data-lang=\"fr\" onclick=\"window.location.href='https:\/\/rjpartners.pl\/fr\/newsletter-novembre-2018\/'\">Czytaj wi\u0119cej<\/button><\/div><div class=\"post-item\"><h3>D\u00e9p\u00f4t des comptes sous forme \u00e9lectronique obligatoire \u00e0 compter du 1er octobre 2018<\/h3><p>Les modalit\u00e9s de d\u00e9p\u00f4t des comptes apr\u00e8s du greffe par les soci\u00e9t\u00e9s ont \u00e9t\u00e9 modifi\u00e9es \u00e0 compter du mois d\u2019octobre. Ces modifications interviennent dans le cadre du programme d\u2019informatisation du d\u00e9p\u00f4t de tous documents aupr\u00e8s du Registre Judiciaire National KRS. Depuis le 1er octobre, les comptes ne peuvent \u00eatre d\u00e9pos\u00e9s que par l\u2019interm\u00e9diaire d\u2019Internet et [&hellip;]<\/p><button class=\"read-more-button\" data-lang=\"fr\" onclick=\"window.location.href='https:\/\/rjpartners.pl\/fr\/depot-des-comptes-sous-forme-electronique-obligatoire-a-compter-du-1er-octobre-2018\/'\">Czytaj wi\u0119cej<\/button><\/div><\/div>\n<\/div>\n\t\t\t\t\t\t<\/div>\n\t\t\t\t<\/div>\n\t\t\t\t\t<\/div>\n\t\t\t\t<\/div>\n\t\t\t\t<\/div>\n\t\t","protected":false},"excerpt":{"rendered":"<p>Actualit\u00e9s<\/p>\n","protected":false},"author":1,"featured_media":0,"parent":0,"menu_order":0,"comment_status":"closed","ping_status":"closed","template":"","meta":{"om_disable_all_campaigns":false,"_monsterinsights_skip_tracking":false,"_monsterinsights_sitenote_active":false,"_monsterinsights_sitenote_note":"","_monsterinsights_sitenote_category":0,"footnotes":""},"class_list":["post-938","page","type-page","status-publish","hentry"],"aioseo_notices":[],"_links":{"self":[{"href":"https:\/\/rjpartners.pl\/fr\/wp-json\/wp\/v2\/pages\/938","targetHints":{"allow":["GET"]}}],"collection":[{"href":"https:\/\/rjpartners.pl\/fr\/wp-json\/wp\/v2\/pages"}],"about":[{"href":"https:\/\/rjpartners.pl\/fr\/wp-json\/wp\/v2\/types\/page"}],"author":[{"embeddable":true,"href":"https:\/\/rjpartners.pl\/fr\/wp-json\/wp\/v2\/users\/1"}],"replies":[{"embeddable":true,"href":"https:\/\/rjpartners.pl\/fr\/wp-json\/wp\/v2\/comments?post=938"}],"version-history":[{"count":4,"href":"https:\/\/rjpartners.pl\/fr\/wp-json\/wp\/v2\/pages\/938\/revisions"}],"predecessor-version":[{"id":1525,"href":"https:\/\/rjpartners.pl\/fr\/wp-json\/wp\/v2\/pages\/938\/revisions\/1525"}],"wp:attachment":[{"href":"https:\/\/rjpartners.pl\/fr\/wp-json\/wp\/v2\/media?parent=938"}],"curies":[{"name":"wp","href":"https:\/\/api.w.org\/{rel}","templated":true}]}}