{"id":949,"date":"2024-11-03T01:39:19","date_gmt":"2024-11-03T00:39:19","guid":{"rendered":"https:\/\/rjpartners.pl\/agnieszka-augustyn\/"},"modified":"2024-11-20T15:20:37","modified_gmt":"2024-11-20T14:20:37","slug":"agnieszka-augustyn","status":"publish","type":"page","link":"https:\/\/rjpartners.pl\/fr\/agnieszka-augustyn\/","title":{"rendered":"Agnieszka Augustyn"},"content":{"rendered":"\t\t<div data-elementor-type=\"wp-page\" data-elementor-id=\"949\" class=\"elementor elementor-949 elementor-506\" data-elementor-post-type=\"page\">\n\t\t\t\t<div class=\"elementor-element elementor-element-8d58210 e-flex e-con-boxed e-con e-parent\" data-id=\"8d58210\" data-element_type=\"container\">\n\t\t\t\t\t<div class=\"e-con-inner\">\n\t\t\t\t<div class=\"elementor-element elementor-element-af9bdb7 elementor-widget elementor-widget-text-editor\" data-id=\"af9bdb7\" data-element_type=\"widget\" data-widget_type=\"text-editor.default\">\n\t\t\t\t<div class=\"elementor-widget-container\">\n\t\t\t\t\t\t\t\t\t<h1><strong>Agnieszka Augustyn<\/strong><\/h1>\n\t\t\t\t\t\t\t\t<\/div>\n\t\t\t\t<\/div>\n\t\t\t\t\t<\/div>\n\t\t\t\t<\/div>\n\t\t<div class=\"elementor-element elementor-element-323eda8 e-flex e-con-boxed e-con e-parent\" data-id=\"323eda8\" data-element_type=\"container\">\n\t\t\t\t\t<div class=\"e-con-inner\">\n\t\t<div class=\"elementor-element elementor-element-af3a4c7 e-con-full e-flex e-con e-child\" data-id=\"af3a4c7\" data-element_type=\"container\">\n\t\t\t\t<div class=\"elementor-element elementor-element-3a21812 elementor-widget elementor-widget-image\" data-id=\"3a21812\" data-element_type=\"widget\" data-widget_type=\"image.default\">\n\t\t\t\t<div class=\"elementor-widget-container\">\n\t\t\t\t\t\t\t\t\t\t\t\t\t\t\t<img fetchpriority=\"high\" decoding=\"async\" width=\"300\" height=\"243\" src=\"https:\/\/rjpartners.pl\/wp-content\/uploads\/2024\/11\/Agnieszka-Augustyn_portret-300x243-1.jpg\" class=\"attachment-full size-full wp-image-725\" alt=\"\" \/>\t\t\t\t\t\t\t\t\t\t\t\t\t\t\t<\/div>\n\t\t\t\t<\/div>\n\t\t\t\t<\/div>\n\t\t<div class=\"elementor-element elementor-element-d1c97fe e-con-full e-flex e-con e-child\" data-id=\"d1c97fe\" data-element_type=\"container\">\n\t\t\t\t<div class=\"elementor-element elementor-element-2a5e5a3 elementor-widget elementor-widget-text-editor\" data-id=\"2a5e5a3\" data-element_type=\"widget\" data-widget_type=\"text-editor.default\">\n\t\t\t\t<div class=\"elementor-widget-container\">\n\t\t\t\t\t\t\t\t\t<p>Agnieszka Augustyn est <strong>conseil juridique stagiaire<\/strong> et collaboratrice au sein du cabinet.<\/p>\n<p>Elle est dipl\u00f4m\u00e9e de la Facult\u00e9 de droit et d\u2019administration de l\u2019Universit\u00e9 Cardinal Stefan Wyszy\u0144ski \u00e0 Varsovie. Agnieszka est actuellement conseil juridique stagiaire en troisi\u00e8me ann\u00e9e \u00e0 la Chambre des conseillers juridiques de Varsovie. <\/p>\n<p>Elle est sp\u00e9cialis\u00e9e dans le droit des soci\u00e9t\u00e9s, le droit commercial et le droit du travail. Elle parle polonais et anglais. <\/p>\n\t\t\t\t\t\t\t\t<\/div>\n\t\t\t\t<\/div>\n\t\t\t\t<\/div>\n\t\t\t\t\t<\/div>\n\t\t\t\t<\/div>\n\t\t<div class=\"elementor-element elementor-element-41915ca e-flex e-con-boxed e-con e-parent\" data-id=\"41915ca\" data-element_type=\"container\">\n\t\t\t\t\t<div class=\"e-con-inner\">\n\t\t\t\t<div class=\"elementor-element elementor-element-1dd2fbb elementor-widget elementor-widget-html\" data-id=\"1dd2fbb\" data-element_type=\"widget\" data-widget_type=\"html.default\">\n\t\t\t\t<div class=\"elementor-widget-container\">\n\t\t\t\t\t<center><button onclick=\"history.back()\" style=\"padding: 10px 20px; background-color: #005D9B; color: white; border: none; border-radius: 5px; cursor: pointer;\">Retour \u00e0 la page pr\u00e9c\u00e9dente<\/button><\/center>\t\t\t\t<\/div>\n\t\t\t\t<\/div>\n\t\t\t\t\t<\/div>\n\t\t\t\t<\/div>\n\t\t\t\t<\/div>\n\t\t","protected":false},"excerpt":{"rendered":"<p>Agnieszka Augustyn Agnieszka Augustyn est conseil juridique stagiaire et collaboratrice au sein du cabinet. Elle est dipl\u00f4m\u00e9e de la Facult\u00e9 de droit et d\u2019administration de l\u2019Universit\u00e9 Cardinal Stefan Wyszy\u0144ski \u00e0 Varsovie. Agnieszka est actuellement conseil juridique stagiaire en troisi\u00e8me ann\u00e9e \u00e0 la Chambre des conseillers juridiques de Varsovie. Elle est sp\u00e9cialis\u00e9e dans le droit des [&hellip;]<\/p>\n","protected":false},"author":1,"featured_media":0,"parent":0,"menu_order":0,"comment_status":"closed","ping_status":"closed","template":"","meta":{"om_disable_all_campaigns":false,"_monsterinsights_skip_tracking":false,"_monsterinsights_sitenote_active":false,"_monsterinsights_sitenote_note":"","_monsterinsights_sitenote_category":0,"footnotes":""},"class_list":["post-949","page","type-page","status-publish","hentry"],"aioseo_notices":[],"_links":{"self":[{"href":"https:\/\/rjpartners.pl\/fr\/wp-json\/wp\/v2\/pages\/949","targetHints":{"allow":["GET"]}}],"collection":[{"href":"https:\/\/rjpartners.pl\/fr\/wp-json\/wp\/v2\/pages"}],"about":[{"href":"https:\/\/rjpartners.pl\/fr\/wp-json\/wp\/v2\/types\/page"}],"author":[{"embeddable":true,"href":"https:\/\/rjpartners.pl\/fr\/wp-json\/wp\/v2\/users\/1"}],"replies":[{"embeddable":true,"href":"https:\/\/rjpartners.pl\/fr\/wp-json\/wp\/v2\/comments?post=949"}],"version-history":[{"count":12,"href":"https:\/\/rjpartners.pl\/fr\/wp-json\/wp\/v2\/pages\/949\/revisions"}],"predecessor-version":[{"id":2304,"href":"https:\/\/rjpartners.pl\/fr\/wp-json\/wp\/v2\/pages\/949\/revisions\/2304"}],"wp:attachment":[{"href":"https:\/\/rjpartners.pl\/fr\/wp-json\/wp\/v2\/media?parent=949"}],"curies":[{"name":"wp","href":"https:\/\/api.w.org\/{rel}","templated":true}]}}