{"id":951,"date":"2024-11-03T01:16:24","date_gmt":"2024-11-03T00:16:24","guid":{"rendered":"https:\/\/rjpartners.pl\/aleksander-jakowlew\/"},"modified":"2024-11-20T14:50:52","modified_gmt":"2024-11-20T13:50:52","slug":"aleksander-jakowlew","status":"publish","type":"page","link":"https:\/\/rjpartners.pl\/fr\/aleksander-jakowlew\/","title":{"rendered":"Aleksander Jakowlew"},"content":{"rendered":"\t\t<div data-elementor-type=\"wp-page\" data-elementor-id=\"951\" class=\"elementor elementor-951 elementor-478\" data-elementor-post-type=\"page\">\n\t\t\t\t<div class=\"elementor-element elementor-element-1520728 e-flex e-con-boxed e-con e-parent\" data-id=\"1520728\" data-element_type=\"container\" data-e-type=\"container\">\n\t\t\t\t\t<div class=\"e-con-inner\">\n\t\t\t\t<div class=\"elementor-element elementor-element-bd59a88 elementor-widget elementor-widget-text-editor\" data-id=\"bd59a88\" data-element_type=\"widget\" data-e-type=\"widget\" data-widget_type=\"text-editor.default\">\n\t\t\t\t<div class=\"elementor-widget-container\">\n\t\t\t\t\t\t\t\t\t<h1><strong>Aleksander Jakowlew<\/strong><\/h1>\n\t\t\t\t\t\t\t\t<\/div>\n\t\t\t\t<\/div>\n\t\t\t\t\t<\/div>\n\t\t\t\t<\/div>\n\t\t<div class=\"elementor-element elementor-element-f9e23c9 e-flex e-con-boxed e-con e-parent\" data-id=\"f9e23c9\" data-element_type=\"container\" data-e-type=\"container\">\n\t\t\t\t\t<div class=\"e-con-inner\">\n\t\t<div class=\"elementor-element elementor-element-46ceaba e-con-full e-flex e-con e-child\" data-id=\"46ceaba\" data-element_type=\"container\" data-e-type=\"container\">\n\t\t\t\t<div class=\"elementor-element elementor-element-784bf1d elementor-widget elementor-widget-image\" data-id=\"784bf1d\" data-element_type=\"widget\" data-e-type=\"widget\" data-widget_type=\"image.default\">\n\t\t\t\t<div class=\"elementor-widget-container\">\n\t\t\t\t\t\t\t\t\t\t\t\t\t\t\t<img fetchpriority=\"high\" decoding=\"async\" width=\"300\" height=\"243\" src=\"https:\/\/rjpartners.pl\/wp-content\/uploads\/2024\/11\/portret-Aleksander-Jakowlew-300x243-1.jpg\" class=\"attachment-full size-full wp-image-719\" alt=\"\" \/>\t\t\t\t\t\t\t\t\t\t\t\t\t\t\t<\/div>\n\t\t\t\t<\/div>\n\t\t\t\t<\/div>\n\t\t<div class=\"elementor-element elementor-element-8de3659 e-con-full e-flex e-con e-child\" data-id=\"8de3659\" data-element_type=\"container\" data-e-type=\"container\">\n\t\t\t\t<div class=\"elementor-element elementor-element-45a2a0e elementor-widget elementor-widget-text-editor\" data-id=\"45a2a0e\" data-element_type=\"widget\" data-e-type=\"widget\" data-widget_type=\"text-editor.default\">\n\t\t\t\t<div class=\"elementor-widget-container\">\n\t\t\t\t\t\t\t\t\t<p>Aleksander Jakolwew est <strong>conseil juridique<\/strong> et collaborateur au sein du Cabinet. Il est dipl\u00f4m\u00e9 de la Facult\u00e9 de Droit et d\u2019Administration de l\u2019Universit\u00e9 Jagellon \u00e0 Cracovie et de l\u2019ILF Goethe Universitat \u00e0 Francfort-sur-le-Main. Il a \u00e9galement obtenu un doctorat en droit \u00e0 l\u2019Universit\u00e9 Jagellon.  <\/p>\n<p>Aleksander conseille les Clients du Cabinet dans la mise en \u0153uvre des projets de construction et d\u2019infrastructure, notamment en mati\u00e8re de droit civil, droit de la construction, droit de la protection de l\u2019environnement et droit des march\u00e9s publics. Il est \u00e9galement sp\u00e9cialis\u00e9 en droit du travail. <\/p>\n<p>Il parle polonais et anglais.<\/p>\n\t\t\t\t\t\t\t\t<\/div>\n\t\t\t\t<\/div>\n\t\t\t\t<\/div>\n\t\t\t\t\t<\/div>\n\t\t\t\t<\/div>\n\t\t<div class=\"elementor-element elementor-element-733c72b e-flex e-con-boxed e-con e-parent\" data-id=\"733c72b\" data-element_type=\"container\" data-e-type=\"container\">\n\t\t\t\t\t<div class=\"e-con-inner\">\n\t\t\t\t<div class=\"elementor-element elementor-element-239ea28 elementor-widget elementor-widget-html\" data-id=\"239ea28\" data-element_type=\"widget\" data-e-type=\"widget\" data-widget_type=\"html.default\">\n\t\t\t\t<div class=\"elementor-widget-container\">\n\t\t\t\t\t<center><button onclick=\"history.back()\" style=\"padding: 10px 20px; background-color: #005D9B; color: white; border: none; border-radius: 5px; cursor: pointer;\">Retour \u00e0 la page pr\u00e9c\u00e9dente<\/button><\/center>\t\t\t\t<\/div>\n\t\t\t\t<\/div>\n\t\t\t\t\t<\/div>\n\t\t\t\t<\/div>\n\t\t\t\t<\/div>\n\t\t","protected":false},"excerpt":{"rendered":"<p>Aleksander Jakowlew Aleksander Jakolwew est conseil juridique et collaborateur au sein du Cabinet. Il est dipl\u00f4m\u00e9 de la Facult\u00e9 de Droit et d\u2019Administration de l\u2019Universit\u00e9 Jagellon \u00e0 Cracovie et de l\u2019ILF Goethe Universitat \u00e0 Francfort-sur-le-Main. Il a \u00e9galement obtenu un doctorat en droit \u00e0 l\u2019Universit\u00e9 Jagellon. Aleksander conseille les Clients du Cabinet dans la mise [&hellip;]<\/p>\n","protected":false},"author":1,"featured_media":0,"parent":0,"menu_order":0,"comment_status":"closed","ping_status":"closed","template":"","meta":{"om_disable_all_campaigns":false,"_monsterinsights_skip_tracking":false,"_monsterinsights_sitenote_active":false,"_monsterinsights_sitenote_note":"","_monsterinsights_sitenote_category":0,"_uf_show_specific_survey":0,"_uf_disable_surveys":false,"footnotes":""},"class_list":["post-951","page","type-page","status-publish","hentry"],"aioseo_notices":[],"_links":{"self":[{"href":"https:\/\/rjpartners.pl\/fr\/wp-json\/wp\/v2\/pages\/951","targetHints":{"allow":["GET"]}}],"collection":[{"href":"https:\/\/rjpartners.pl\/fr\/wp-json\/wp\/v2\/pages"}],"about":[{"href":"https:\/\/rjpartners.pl\/fr\/wp-json\/wp\/v2\/types\/page"}],"author":[{"embeddable":true,"href":"https:\/\/rjpartners.pl\/fr\/wp-json\/wp\/v2\/users\/1"}],"replies":[{"embeddable":true,"href":"https:\/\/rjpartners.pl\/fr\/wp-json\/wp\/v2\/comments?post=951"}],"version-history":[{"count":10,"href":"https:\/\/rjpartners.pl\/fr\/wp-json\/wp\/v2\/pages\/951\/revisions"}],"predecessor-version":[{"id":2188,"href":"https:\/\/rjpartners.pl\/fr\/wp-json\/wp\/v2\/pages\/951\/revisions\/2188"}],"wp:attachment":[{"href":"https:\/\/rjpartners.pl\/fr\/wp-json\/wp\/v2\/media?parent=951"}],"curies":[{"name":"wp","href":"https:\/\/api.w.org\/{rel}","templated":true}]}}