{"id":953,"date":"2024-11-03T00:27:24","date_gmt":"2024-11-02T23:27:24","guid":{"rendered":"https:\/\/rjpartners.pl\/alicja-lidzinska\/"},"modified":"2024-11-20T14:52:15","modified_gmt":"2024-11-20T13:52:15","slug":"alicja-lidzinska","status":"publish","type":"page","link":"https:\/\/rjpartners.pl\/fr\/alicja-lidzinska\/","title":{"rendered":"Alicja Lidzi\u0144ska"},"content":{"rendered":"\t\t<div data-elementor-type=\"wp-page\" data-elementor-id=\"953\" class=\"elementor elementor-953 elementor-436\" data-elementor-post-type=\"page\">\n\t\t\t\t<div class=\"elementor-element elementor-element-39a10bb e-flex e-con-boxed e-con e-parent\" data-id=\"39a10bb\" data-element_type=\"container\">\n\t\t\t\t\t<div class=\"e-con-inner\">\n\t\t\t\t<div class=\"elementor-element elementor-element-813c27d elementor-widget elementor-widget-text-editor\" data-id=\"813c27d\" data-element_type=\"widget\" data-widget_type=\"text-editor.default\">\n\t\t\t\t<div class=\"elementor-widget-container\">\n\t\t\t\t\t\t\t\t\t<h1><strong>Alicja Lidzi\u0144ska<\/strong><\/h1>\n\t\t\t\t\t\t\t\t<\/div>\n\t\t\t\t<\/div>\n\t\t\t\t\t<\/div>\n\t\t\t\t<\/div>\n\t\t<div class=\"elementor-element elementor-element-0c0071c e-flex e-con-boxed e-con e-parent\" data-id=\"0c0071c\" data-element_type=\"container\">\n\t\t\t\t\t<div class=\"e-con-inner\">\n\t\t<div class=\"elementor-element elementor-element-b0ef958 e-con-full e-flex e-con e-child\" data-id=\"b0ef958\" data-element_type=\"container\">\n\t\t\t\t<div class=\"elementor-element elementor-element-bf8d0b8 elementor-widget elementor-widget-image\" data-id=\"bf8d0b8\" data-element_type=\"widget\" data-widget_type=\"image.default\">\n\t\t\t\t<div class=\"elementor-widget-container\">\n\t\t\t\t\t\t\t\t\t\t\t\t\t\t\t<img fetchpriority=\"high\" decoding=\"async\" width=\"340\" height=\"275\" src=\"https:\/\/rjpartners.pl\/wp-content\/uploads\/2024\/11\/portret-Alicja-Lidzinska.jpg\" class=\"attachment-full size-full wp-image-709\" alt=\"\" srcset=\"https:\/\/rjpartners.pl\/wp-content\/uploads\/2024\/11\/portret-Alicja-Lidzinska.jpg 340w, https:\/\/rjpartners.pl\/wp-content\/uploads\/2024\/11\/portret-Alicja-Lidzinska-300x243.jpg 300w\" sizes=\"(max-width: 340px) 100vw, 340px\" \/>\t\t\t\t\t\t\t\t\t\t\t\t\t\t\t<\/div>\n\t\t\t\t<\/div>\n\t\t\t\t<\/div>\n\t\t<div class=\"elementor-element elementor-element-81ea235 e-con-full e-flex e-con e-child\" data-id=\"81ea235\" data-element_type=\"container\">\n\t\t\t\t<div class=\"elementor-element elementor-element-88b31db elementor-widget elementor-widget-text-editor\" data-id=\"88b31db\" data-element_type=\"widget\" data-widget_type=\"text-editor.default\">\n\t\t\t\t<div class=\"elementor-widget-container\">\n\t\t\t\t\t\t\t\t\t<p><strong>Conseil juridique et associ\u00e9e. <\/strong><\/p>\n<p>Dans les ann\u00e9es 2010-2014, Alicja Lidzi\u0144ska \u00e9tait collaboratrice au sein du cabinet international Gide Loyrette Nouel, pr\u00e9sent en Pologne sous la d\u00e9nomination sociale Tokarczuk, J\u0119drzejczyk i Wsp\u00f3lnicy Kancelaria Prawna GLN sp.k. o\u00f9 elle \u00e9tait membre du d\u00e9partement du Droit de l\u2019Energie et de la Protection de l\u2019Environnement dirig\u00e9e par Robert J\u0119drzejczyk.   <\/p>\n<p>Elle a \u00e9t\u00e9 nomin\u00e9e au concours de Dziennik Gazeta Prawna \u2013 Rising Stars \u2013 leaders de demain 2014 et au concours de Rzeczpospolita pour Pro Bono Lawyer . Elle est l\u2019auteur d\u2019articles sur le droit de l\u2019environnement, la diligence raisonnable en mati\u00e8re d\u2019environnement et les proc\u00e9dures administratives dans des revues professionnelles. <\/p>\n<p>Alicja est sp\u00e9cialis\u00e9e dans les transactions de fusion et d\u2019acquisition, le droit des contrats et le droit de l\u2019environnement. Depuis de nombreuses ann\u00e9es, Alicja m\u00e8ne et coordonne des processus complexes de due diligence juridique des entreprises. <\/p>\n<p>Elle parle polonais, anglais et allemand.<\/p>\n\t\t\t\t\t\t\t\t<\/div>\n\t\t\t\t<\/div>\n\t\t\t\t<\/div>\n\t\t\t\t\t<\/div>\n\t\t\t\t<\/div>\n\t\t<div class=\"elementor-element elementor-element-112420d e-flex e-con-boxed e-con e-parent\" data-id=\"112420d\" data-element_type=\"container\">\n\t\t\t\t\t<div class=\"e-con-inner\">\n\t\t\t\t<div class=\"elementor-element elementor-element-7b66df3 elementor-widget elementor-widget-html\" data-id=\"7b66df3\" data-element_type=\"widget\" data-widget_type=\"html.default\">\n\t\t\t\t<div class=\"elementor-widget-container\">\n\t\t\t\t\t<center><button onclick=\"history.back()\" style=\"padding: 10px 20px; background-color: #005D9B; color: white; border: none; border-radius: 5px; cursor: pointer;\">Retour \u00e0 la page pr\u00e9c\u00e9dente<\/button><\/center>\t\t\t\t<\/div>\n\t\t\t\t<\/div>\n\t\t\t\t\t<\/div>\n\t\t\t\t<\/div>\n\t\t\t\t<\/div>\n\t\t","protected":false},"excerpt":{"rendered":"<p>Alicja Lidzi\u0144ska Conseil juridique et associ\u00e9e. Dans les ann\u00e9es 2010-2014, Alicja Lidzi\u0144ska \u00e9tait collaboratrice au sein du cabinet international Gide Loyrette Nouel, pr\u00e9sent en Pologne sous la d\u00e9nomination sociale Tokarczuk, J\u0119drzejczyk i Wsp\u00f3lnicy Kancelaria Prawna GLN sp.k. o\u00f9 elle \u00e9tait membre du d\u00e9partement du Droit de l\u2019Energie et de la Protection de l\u2019Environnement dirig\u00e9e par [&hellip;]<\/p>\n","protected":false},"author":1,"featured_media":0,"parent":0,"menu_order":0,"comment_status":"closed","ping_status":"closed","template":"","meta":{"om_disable_all_campaigns":false,"_monsterinsights_skip_tracking":false,"_monsterinsights_sitenote_active":false,"_monsterinsights_sitenote_note":"","_monsterinsights_sitenote_category":0,"footnotes":""},"class_list":["post-953","page","type-page","status-publish","hentry"],"aioseo_notices":[],"_links":{"self":[{"href":"https:\/\/rjpartners.pl\/fr\/wp-json\/wp\/v2\/pages\/953","targetHints":{"allow":["GET"]}}],"collection":[{"href":"https:\/\/rjpartners.pl\/fr\/wp-json\/wp\/v2\/pages"}],"about":[{"href":"https:\/\/rjpartners.pl\/fr\/wp-json\/wp\/v2\/types\/page"}],"author":[{"embeddable":true,"href":"https:\/\/rjpartners.pl\/fr\/wp-json\/wp\/v2\/users\/1"}],"replies":[{"embeddable":true,"href":"https:\/\/rjpartners.pl\/fr\/wp-json\/wp\/v2\/comments?post=953"}],"version-history":[{"count":10,"href":"https:\/\/rjpartners.pl\/fr\/wp-json\/wp\/v2\/pages\/953\/revisions"}],"predecessor-version":[{"id":2191,"href":"https:\/\/rjpartners.pl\/fr\/wp-json\/wp\/v2\/pages\/953\/revisions\/2191"}],"wp:attachment":[{"href":"https:\/\/rjpartners.pl\/fr\/wp-json\/wp\/v2\/media?parent=953"}],"curies":[{"name":"wp","href":"https:\/\/api.w.org\/{rel}","templated":true}]}}