{"id":955,"date":"2024-11-03T00:08:30","date_gmt":"2024-11-02T23:08:30","guid":{"rendered":"https:\/\/rjpartners.pl\/katarzyna-jakubczak\/"},"modified":"2024-11-20T14:52:56","modified_gmt":"2024-11-20T13:52:56","slug":"katarzyna-jakubczak","status":"publish","type":"page","link":"https:\/\/rjpartners.pl\/fr\/katarzyna-jakubczak\/","title":{"rendered":"Katarzyna Jakubczak"},"content":{"rendered":"\t\t<div data-elementor-type=\"wp-page\" data-elementor-id=\"955\" class=\"elementor elementor-955 elementor-400\" data-elementor-post-type=\"page\">\n\t\t\t\t<div class=\"elementor-element elementor-element-f00fbcc e-flex e-con-boxed e-con e-parent\" data-id=\"f00fbcc\" data-element_type=\"container\">\n\t\t\t\t\t<div class=\"e-con-inner\">\n\t\t\t\t<div class=\"elementor-element elementor-element-ded7b59 elementor-widget elementor-widget-text-editor\" data-id=\"ded7b59\" data-element_type=\"widget\" data-widget_type=\"text-editor.default\">\n\t\t\t\t<div class=\"elementor-widget-container\">\n\t\t\t\t\t\t\t\t\t<h1><strong>Katarzyna Jakubczak<\/strong><\/h1>\n\t\t\t\t\t\t\t\t<\/div>\n\t\t\t\t<\/div>\n\t\t\t\t\t<\/div>\n\t\t\t\t<\/div>\n\t\t<div class=\"elementor-element elementor-element-4dc4ba0 e-flex e-con-boxed e-con e-parent\" data-id=\"4dc4ba0\" data-element_type=\"container\">\n\t\t\t\t\t<div class=\"e-con-inner\">\n\t\t<div class=\"elementor-element elementor-element-47d4ff6 e-con-full e-flex e-con e-child\" data-id=\"47d4ff6\" data-element_type=\"container\">\n\t\t\t\t<div class=\"elementor-element elementor-element-2161fe3 elementor-widget elementor-widget-image\" data-id=\"2161fe3\" data-element_type=\"widget\" data-widget_type=\"image.default\">\n\t\t\t\t<div class=\"elementor-widget-container\">\n\t\t\t\t\t\t\t\t\t\t\t\t\t\t\t<img fetchpriority=\"high\" decoding=\"async\" width=\"300\" height=\"243\" src=\"https:\/\/rjpartners.pl\/wp-content\/uploads\/2024\/11\/Katarzyna-Jakubczak_portret-300x243-1.jpg\" class=\"attachment-full size-full wp-image-727\" alt=\"\" \/>\t\t\t\t\t\t\t\t\t\t\t\t\t\t\t<\/div>\n\t\t\t\t<\/div>\n\t\t\t\t<\/div>\n\t\t<div class=\"elementor-element elementor-element-e117256 e-con-full e-flex e-con e-child\" data-id=\"e117256\" data-element_type=\"container\">\n\t\t\t\t<div class=\"elementor-element elementor-element-27b1281 elementor-widget elementor-widget-text-editor\" data-id=\"27b1281\" data-element_type=\"widget\" data-widget_type=\"text-editor.default\">\n\t\t\t\t<div class=\"elementor-widget-container\">\n\t\t\t\t\t\t\t\t\t<p>Katarzyna Jakubczak est <strong>conseil juridique stagiaire<\/strong> et collaboratrice au sein du cabinet.<\/p>\n<p>Elle est dipl\u00f4m\u00e9e de la facult\u00e9 de droit et d&rsquo;administration de l&rsquo;universit\u00e9 Cardinal Stefan Wyszy\u0144ski de Varsovie. Katarzyna est actuellement avocate stagiaire en deuxi\u00e8me ann\u00e9e \u00e0 la Chambre des conseillers juridiques du district de Varsovie.<\/p>\n<p>Elle est sp\u00e9cialis\u00e9e dans le droit commercial, les fusions et acquisitions et le droit immobilier.<\/p>\n<p>Outre le polonais, il parle l\u2019anglais.<\/p>\n\t\t\t\t\t\t\t\t<\/div>\n\t\t\t\t<\/div>\n\t\t\t\t<\/div>\n\t\t\t\t\t<\/div>\n\t\t\t\t<\/div>\n\t\t<div class=\"elementor-element elementor-element-3594df5 e-flex e-con-boxed e-con e-parent\" data-id=\"3594df5\" data-element_type=\"container\">\n\t\t\t\t\t<div class=\"e-con-inner\">\n\t\t\t\t<div class=\"elementor-element elementor-element-4957ab1 elementor-widget elementor-widget-html\" data-id=\"4957ab1\" data-element_type=\"widget\" data-widget_type=\"html.default\">\n\t\t\t\t<div class=\"elementor-widget-container\">\n\t\t\t\t\t<center><button onclick=\"history.back()\" style=\"padding: 10px 20px; background-color: #005D9B; color: white; border: none; border-radius: 5px; cursor: pointer;\">Retour \u00e0 la page pr\u00e9c\u00e9dente<\/button><\/center>\t\t\t\t<\/div>\n\t\t\t\t<\/div>\n\t\t\t\t\t<\/div>\n\t\t\t\t<\/div>\n\t\t\t\t<\/div>\n\t\t","protected":false},"excerpt":{"rendered":"<p>Katarzyna Jakubczak Katarzyna Jakubczak est conseil juridique stagiaire et collaboratrice au sein du cabinet. Elle est dipl\u00f4m\u00e9e de la facult\u00e9 de droit et d&rsquo;administration de l&rsquo;universit\u00e9 Cardinal Stefan Wyszy\u0144ski de Varsovie. Katarzyna est actuellement avocate stagiaire en deuxi\u00e8me ann\u00e9e \u00e0 la Chambre des conseillers juridiques du district de Varsovie. Elle est sp\u00e9cialis\u00e9e dans le droit [&hellip;]<\/p>\n","protected":false},"author":1,"featured_media":0,"parent":0,"menu_order":0,"comment_status":"closed","ping_status":"closed","template":"","meta":{"om_disable_all_campaigns":false,"_monsterinsights_skip_tracking":false,"_monsterinsights_sitenote_active":false,"_monsterinsights_sitenote_note":"","_monsterinsights_sitenote_category":0,"footnotes":""},"class_list":["post-955","page","type-page","status-publish","hentry"],"aioseo_notices":[],"_links":{"self":[{"href":"https:\/\/rjpartners.pl\/fr\/wp-json\/wp\/v2\/pages\/955","targetHints":{"allow":["GET"]}}],"collection":[{"href":"https:\/\/rjpartners.pl\/fr\/wp-json\/wp\/v2\/pages"}],"about":[{"href":"https:\/\/rjpartners.pl\/fr\/wp-json\/wp\/v2\/types\/page"}],"author":[{"embeddable":true,"href":"https:\/\/rjpartners.pl\/fr\/wp-json\/wp\/v2\/users\/1"}],"replies":[{"embeddable":true,"href":"https:\/\/rjpartners.pl\/fr\/wp-json\/wp\/v2\/comments?post=955"}],"version-history":[{"count":11,"href":"https:\/\/rjpartners.pl\/fr\/wp-json\/wp\/v2\/pages\/955\/revisions"}],"predecessor-version":[{"id":2194,"href":"https:\/\/rjpartners.pl\/fr\/wp-json\/wp\/v2\/pages\/955\/revisions\/2194"}],"wp:attachment":[{"href":"https:\/\/rjpartners.pl\/fr\/wp-json\/wp\/v2\/media?parent=955"}],"curies":[{"name":"wp","href":"https:\/\/api.w.org\/{rel}","templated":true}]}}