{"id":957,"date":"2024-11-03T00:42:20","date_gmt":"2024-11-02T23:42:20","guid":{"rendered":"https:\/\/rjpartners.pl\/magdalena-tomaszewska\/"},"modified":"2024-11-20T14:53:38","modified_gmt":"2024-11-20T13:53:38","slug":"magdalena-tomaszewska","status":"publish","type":"page","link":"https:\/\/rjpartners.pl\/fr\/magdalena-tomaszewska\/","title":{"rendered":"Magdalena Tomaszewska"},"content":{"rendered":"\t\t<div data-elementor-type=\"wp-page\" data-elementor-id=\"957\" class=\"elementor elementor-957 elementor-462\" data-elementor-post-type=\"page\">\n\t\t\t\t<div class=\"elementor-element elementor-element-9e0a3d7 e-flex e-con-boxed e-con e-parent\" data-id=\"9e0a3d7\" data-element_type=\"container\">\n\t\t\t\t\t<div class=\"e-con-inner\">\n\t\t\t\t<div class=\"elementor-element elementor-element-ec51d44 elementor-widget elementor-widget-text-editor\" data-id=\"ec51d44\" data-element_type=\"widget\" data-widget_type=\"text-editor.default\">\n\t\t\t\t<div class=\"elementor-widget-container\">\n\t\t\t\t\t\t\t\t\t<h1><strong>Magdalena Tomaszewska<\/strong><\/h1>\n\t\t\t\t\t\t\t\t<\/div>\n\t\t\t\t<\/div>\n\t\t\t\t\t<\/div>\n\t\t\t\t<\/div>\n\t\t<div class=\"elementor-element elementor-element-bd80feb e-flex e-con-boxed e-con e-parent\" data-id=\"bd80feb\" data-element_type=\"container\">\n\t\t\t\t\t<div class=\"e-con-inner\">\n\t\t<div class=\"elementor-element elementor-element-c1cd44a e-con-full e-flex e-con e-child\" data-id=\"c1cd44a\" data-element_type=\"container\">\n\t\t\t\t<div class=\"elementor-element elementor-element-2a39c0b elementor-widget elementor-widget-image\" data-id=\"2a39c0b\" data-element_type=\"widget\" data-widget_type=\"image.default\">\n\t\t\t\t<div class=\"elementor-widget-container\">\n\t\t\t\t\t\t\t\t\t\t\t\t\t\t\t<img fetchpriority=\"high\" decoding=\"async\" width=\"300\" height=\"243\" src=\"https:\/\/rjpartners.pl\/wp-content\/uploads\/2024\/11\/portret-Magdalena-Tomaszewska-300x243-1.jpg\" class=\"attachment-full size-full wp-image-715\" alt=\"\" \/>\t\t\t\t\t\t\t\t\t\t\t\t\t\t\t<\/div>\n\t\t\t\t<\/div>\n\t\t\t\t<\/div>\n\t\t<div class=\"elementor-element elementor-element-d58387e e-con-full e-flex e-con e-child\" data-id=\"d58387e\" data-element_type=\"container\">\n\t\t\t\t<div class=\"elementor-element elementor-element-cda9225 elementor-widget elementor-widget-text-editor\" data-id=\"cda9225\" data-element_type=\"widget\" data-widget_type=\"text-editor.default\">\n\t\t\t\t<div class=\"elementor-widget-container\">\n\t\t\t\t\t\t\t\t\t<p>Magdalena Tomaszewska est <strong>conseil juridique<\/strong> et collaboratrice au sein du Cabinet.<\/p>\n<p>Elle est dipl\u00f4m\u00e9e de la Facult\u00e9 de Droit et d\u2019Administration de l\u2019Universit\u00e9 Jagellon de Cracovie. Elle a \u00e9galement \u00e9tudi\u00e9 le droit des nouvelles technologies \u00e0 l\u2019Universit\u00e9 Kozminski. Magdalena est par ailleurs titulaire d\u2019un DESS en droit fran\u00e7ais et europ\u00e9en de l\u2019Universit\u00e9 de Varsovie en collaboration avec l\u2019Universit\u00e9 de Poitiers. <\/p>\n<p>Magdalena est sp\u00e9cialis\u00e9e dans les domaines li\u00e9s au droit europ\u00e9en et au droit de la concurrence.<\/p>\n<p>Elle parle polonais, anglais et fran\u00e7ais.<\/p>\n\t\t\t\t\t\t\t\t<\/div>\n\t\t\t\t<\/div>\n\t\t\t\t<\/div>\n\t\t\t\t\t<\/div>\n\t\t\t\t<\/div>\n\t\t<div class=\"elementor-element elementor-element-b85f0de e-flex e-con-boxed e-con e-parent\" data-id=\"b85f0de\" data-element_type=\"container\">\n\t\t\t\t\t<div class=\"e-con-inner\">\n\t\t\t\t<div class=\"elementor-element elementor-element-3ecc83a elementor-widget elementor-widget-html\" data-id=\"3ecc83a\" data-element_type=\"widget\" data-widget_type=\"html.default\">\n\t\t\t\t<div class=\"elementor-widget-container\">\n\t\t\t\t\t<center><button onclick=\"history.back()\" style=\"padding: 10px 20px; background-color: #005D9B; color: white; border: none; border-radius: 5px; cursor: pointer;\">Retour \u00e0 la page pr\u00e9c\u00e9dente<\/button><\/center>\t\t\t\t<\/div>\n\t\t\t\t<\/div>\n\t\t\t\t\t<\/div>\n\t\t\t\t<\/div>\n\t\t\t\t<\/div>\n\t\t","protected":false},"excerpt":{"rendered":"<p>Magdalena Tomaszewska Magdalena Tomaszewska est conseil juridique et collaboratrice au sein du Cabinet. Elle est dipl\u00f4m\u00e9e de la Facult\u00e9 de Droit et d\u2019Administration de l\u2019Universit\u00e9 Jagellon de Cracovie. Elle a \u00e9galement \u00e9tudi\u00e9 le droit des nouvelles technologies \u00e0 l\u2019Universit\u00e9 Kozminski. Magdalena est par ailleurs titulaire d\u2019un DESS en droit fran\u00e7ais et europ\u00e9en de l\u2019Universit\u00e9 de [&hellip;]<\/p>\n","protected":false},"author":1,"featured_media":0,"parent":0,"menu_order":0,"comment_status":"closed","ping_status":"closed","template":"","meta":{"om_disable_all_campaigns":false,"_monsterinsights_skip_tracking":false,"_monsterinsights_sitenote_active":false,"_monsterinsights_sitenote_note":"","_monsterinsights_sitenote_category":0,"footnotes":""},"class_list":["post-957","page","type-page","status-publish","hentry"],"aioseo_notices":[],"_links":{"self":[{"href":"https:\/\/rjpartners.pl\/fr\/wp-json\/wp\/v2\/pages\/957","targetHints":{"allow":["GET"]}}],"collection":[{"href":"https:\/\/rjpartners.pl\/fr\/wp-json\/wp\/v2\/pages"}],"about":[{"href":"https:\/\/rjpartners.pl\/fr\/wp-json\/wp\/v2\/types\/page"}],"author":[{"embeddable":true,"href":"https:\/\/rjpartners.pl\/fr\/wp-json\/wp\/v2\/users\/1"}],"replies":[{"embeddable":true,"href":"https:\/\/rjpartners.pl\/fr\/wp-json\/wp\/v2\/comments?post=957"}],"version-history":[{"count":10,"href":"https:\/\/rjpartners.pl\/fr\/wp-json\/wp\/v2\/pages\/957\/revisions"}],"predecessor-version":[{"id":2197,"href":"https:\/\/rjpartners.pl\/fr\/wp-json\/wp\/v2\/pages\/957\/revisions\/2197"}],"wp:attachment":[{"href":"https:\/\/rjpartners.pl\/fr\/wp-json\/wp\/v2\/media?parent=957"}],"curies":[{"name":"wp","href":"https:\/\/api.w.org\/{rel}","templated":true}]}}