{"id":959,"date":"2024-11-03T00:40:04","date_gmt":"2024-11-02T23:40:04","guid":{"rendered":"https:\/\/rjpartners.pl\/malgorzata-wojtkiewicz-kabut\/"},"modified":"2024-11-20T14:54:25","modified_gmt":"2024-11-20T13:54:25","slug":"malgorzata-wojtkiewicz-kabut","status":"publish","type":"page","link":"https:\/\/rjpartners.pl\/fr\/malgorzata-wojtkiewicz-kabut\/","title":{"rendered":"Ma\u0142gorzata Wojtkiewicz-Kabut"},"content":{"rendered":"\t\t<div data-elementor-type=\"wp-page\" data-elementor-id=\"959\" class=\"elementor elementor-959 elementor-454\" data-elementor-post-type=\"page\">\n\t\t\t\t<div class=\"elementor-element elementor-element-a7aad46 e-flex e-con-boxed e-con e-parent\" data-id=\"a7aad46\" data-element_type=\"container\">\n\t\t\t\t\t<div class=\"e-con-inner\">\n\t\t\t\t<div class=\"elementor-element elementor-element-414e582 elementor-widget elementor-widget-text-editor\" data-id=\"414e582\" data-element_type=\"widget\" data-widget_type=\"text-editor.default\">\n\t\t\t\t<div class=\"elementor-widget-container\">\n\t\t\t\t\t\t\t\t\t<h1><strong>Ma\u0142gorzata Wojtkiewicz-Kabut<\/strong><\/h1>\n\t\t\t\t\t\t\t\t<\/div>\n\t\t\t\t<\/div>\n\t\t\t\t\t<\/div>\n\t\t\t\t<\/div>\n\t\t<div class=\"elementor-element elementor-element-b64fe57 e-flex e-con-boxed e-con e-parent\" data-id=\"b64fe57\" data-element_type=\"container\">\n\t\t\t\t\t<div class=\"e-con-inner\">\n\t\t<div class=\"elementor-element elementor-element-7516e9a e-con-full e-flex e-con e-child\" data-id=\"7516e9a\" data-element_type=\"container\">\n\t\t\t\t<div class=\"elementor-element elementor-element-246d7e2 elementor-widget elementor-widget-image\" data-id=\"246d7e2\" data-element_type=\"widget\" data-widget_type=\"image.default\">\n\t\t\t\t<div class=\"elementor-widget-container\">\n\t\t\t\t\t\t\t\t\t\t\t\t\t\t\t<img fetchpriority=\"high\" decoding=\"async\" width=\"300\" height=\"243\" src=\"https:\/\/rjpartners.pl\/wp-content\/uploads\/2024\/11\/portret-Malgorzata-Wojtkiewicz-Kabut-300x243-1.jpg\" class=\"attachment-full size-full wp-image-713\" alt=\"\" \/>\t\t\t\t\t\t\t\t\t\t\t\t\t\t\t<\/div>\n\t\t\t\t<\/div>\n\t\t\t\t<\/div>\n\t\t<div class=\"elementor-element elementor-element-5ff00be e-con-full e-flex e-con e-child\" data-id=\"5ff00be\" data-element_type=\"container\">\n\t\t\t\t<div class=\"elementor-element elementor-element-e6fac49 elementor-widget elementor-widget-text-editor\" data-id=\"e6fac49\" data-element_type=\"widget\" data-widget_type=\"text-editor.default\">\n\t\t\t\t<div class=\"elementor-widget-container\">\n\t\t\t\t\t\t\t\t\t<p>Ma\u0142gorzata Wojtkiewicz-Kabut est <strong>conseil juridique<\/strong> et collaboratrice au sein du Cabinet.<\/p>\n<p>Elle est dipl\u00f4m\u00e9e de la Facult\u00e9 de Droit et d\u2019Administration de l\u2019Universit\u00e9 de Varsovie et de l\u2019\u00e9cole de droit allemand de l\u2019Universit\u00e9 de Varsovie. Ma\u0142gorzata est par ailleurs titulaire d\u2019un DEA en droit des affaires et des march\u00e9s de capitaux de l\u2019Universit\u00e9 Robert Schuman \u00e0 Strasbourg. Elle a particip\u00e9 au programme d\u2019\u00e9change Erasmus et a \u00e9tudi\u00e9, dans ce cadre, \u00e0 la Facult\u00e9 de Droit de l\u2019Universit\u00e9 de Ratisbonne en Allemagne. <\/p>\n<p>Ma\u0142gorzata est sp\u00e9cialis\u00e9e en droit des soci\u00e9t\u00e9s ainsi que dans les transactions de fusion-acquisition.<\/p>\n<p>Elle parle polonais, anglais, fran\u00e7ais et allemand.<\/p>\n\t\t\t\t\t\t\t\t<\/div>\n\t\t\t\t<\/div>\n\t\t\t\t<\/div>\n\t\t\t\t\t<\/div>\n\t\t\t\t<\/div>\n\t\t<div class=\"elementor-element elementor-element-914080f e-flex e-con-boxed e-con e-parent\" data-id=\"914080f\" data-element_type=\"container\">\n\t\t\t\t\t<div class=\"e-con-inner\">\n\t\t\t\t<div class=\"elementor-element elementor-element-a467c8f elementor-widget elementor-widget-html\" data-id=\"a467c8f\" data-element_type=\"widget\" data-widget_type=\"html.default\">\n\t\t\t\t<div class=\"elementor-widget-container\">\n\t\t\t\t\t<center><button onclick=\"history.back()\" style=\"padding: 10px 20px; background-color: #005D9B; color: white; border: none; border-radius: 5px; cursor: pointer;\">Retour \u00e0 la page pr\u00e9c\u00e9dente<\/button><\/center>\t\t\t\t<\/div>\n\t\t\t\t<\/div>\n\t\t\t\t\t<\/div>\n\t\t\t\t<\/div>\n\t\t\t\t<\/div>\n\t\t","protected":false},"excerpt":{"rendered":"<p>Ma\u0142gorzata Wojtkiewicz-Kabut Ma\u0142gorzata Wojtkiewicz-Kabut est conseil juridique et collaboratrice au sein du Cabinet. Elle est dipl\u00f4m\u00e9e de la Facult\u00e9 de Droit et d\u2019Administration de l\u2019Universit\u00e9 de Varsovie et de l\u2019\u00e9cole de droit allemand de l\u2019Universit\u00e9 de Varsovie. Ma\u0142gorzata est par ailleurs titulaire d\u2019un DEA en droit des affaires et des march\u00e9s de capitaux de l\u2019Universit\u00e9 [&hellip;]<\/p>\n","protected":false},"author":1,"featured_media":0,"parent":0,"menu_order":0,"comment_status":"closed","ping_status":"closed","template":"","meta":{"om_disable_all_campaigns":false,"_monsterinsights_skip_tracking":false,"_monsterinsights_sitenote_active":false,"_monsterinsights_sitenote_note":"","_monsterinsights_sitenote_category":0,"footnotes":""},"class_list":["post-959","page","type-page","status-publish","hentry"],"aioseo_notices":[],"_links":{"self":[{"href":"https:\/\/rjpartners.pl\/fr\/wp-json\/wp\/v2\/pages\/959","targetHints":{"allow":["GET"]}}],"collection":[{"href":"https:\/\/rjpartners.pl\/fr\/wp-json\/wp\/v2\/pages"}],"about":[{"href":"https:\/\/rjpartners.pl\/fr\/wp-json\/wp\/v2\/types\/page"}],"author":[{"embeddable":true,"href":"https:\/\/rjpartners.pl\/fr\/wp-json\/wp\/v2\/users\/1"}],"replies":[{"embeddable":true,"href":"https:\/\/rjpartners.pl\/fr\/wp-json\/wp\/v2\/comments?post=959"}],"version-history":[{"count":10,"href":"https:\/\/rjpartners.pl\/fr\/wp-json\/wp\/v2\/pages\/959\/revisions"}],"predecessor-version":[{"id":2200,"href":"https:\/\/rjpartners.pl\/fr\/wp-json\/wp\/v2\/pages\/959\/revisions\/2200"}],"wp:attachment":[{"href":"https:\/\/rjpartners.pl\/fr\/wp-json\/wp\/v2\/media?parent=959"}],"curies":[{"name":"wp","href":"https:\/\/api.w.org\/{rel}","templated":true}]}}