{"id":961,"date":"2024-11-03T01:23:50","date_gmt":"2024-11-03T00:23:50","guid":{"rendered":"https:\/\/rjpartners.pl\/marcin-borys\/"},"modified":"2024-11-20T14:55:18","modified_gmt":"2024-11-20T13:55:18","slug":"marcin-borys","status":"publish","type":"page","link":"https:\/\/rjpartners.pl\/fr\/marcin-borys\/","title":{"rendered":"Marcin Borys"},"content":{"rendered":"\t\t<div data-elementor-type=\"wp-page\" data-elementor-id=\"961\" class=\"elementor elementor-961 elementor-495\" data-elementor-post-type=\"page\">\n\t\t\t\t<div class=\"elementor-element elementor-element-ab2b05a e-flex e-con-boxed e-con e-parent\" data-id=\"ab2b05a\" data-element_type=\"container\" data-e-type=\"container\">\n\t\t\t\t\t<div class=\"e-con-inner\">\n\t\t\t\t<div class=\"elementor-element elementor-element-bce3edc elementor-widget elementor-widget-text-editor\" data-id=\"bce3edc\" data-element_type=\"widget\" data-e-type=\"widget\" data-widget_type=\"text-editor.default\">\n\t\t\t\t<div class=\"elementor-widget-container\">\n\t\t\t\t\t\t\t\t\t<h1><strong>Marcin Borys<\/strong><\/h1>\n\t\t\t\t\t\t\t\t<\/div>\n\t\t\t\t<\/div>\n\t\t\t\t\t<\/div>\n\t\t\t\t<\/div>\n\t\t<div class=\"elementor-element elementor-element-1a6ee12 e-flex e-con-boxed e-con e-parent\" data-id=\"1a6ee12\" data-element_type=\"container\" data-e-type=\"container\">\n\t\t\t\t\t<div class=\"e-con-inner\">\n\t\t<div class=\"elementor-element elementor-element-85cb7f8 e-con-full e-flex e-con e-child\" data-id=\"85cb7f8\" data-element_type=\"container\" data-e-type=\"container\">\n\t\t\t\t<div class=\"elementor-element elementor-element-bef9a6e elementor-widget elementor-widget-image\" data-id=\"bef9a6e\" data-element_type=\"widget\" data-e-type=\"widget\" data-widget_type=\"image.default\">\n\t\t\t\t<div class=\"elementor-widget-container\">\n\t\t\t\t\t\t\t\t\t\t\t\t\t\t\t<img fetchpriority=\"high\" decoding=\"async\" width=\"300\" height=\"243\" src=\"https:\/\/rjpartners.pl\/wp-content\/uploads\/2024\/11\/portret-Marcin-Borys-300x243-1.jpg\" class=\"attachment-full size-full wp-image-249\" alt=\"\" \/>\t\t\t\t\t\t\t\t\t\t\t\t\t\t\t<\/div>\n\t\t\t\t<\/div>\n\t\t\t\t<\/div>\n\t\t<div class=\"elementor-element elementor-element-f7af8e8 e-con-full e-flex e-con e-child\" data-id=\"f7af8e8\" data-element_type=\"container\" data-e-type=\"container\">\n\t\t\t\t<div class=\"elementor-element elementor-element-e8a054b elementor-widget elementor-widget-text-editor\" data-id=\"e8a054b\" data-element_type=\"widget\" data-e-type=\"widget\" data-widget_type=\"text-editor.default\">\n\t\t\t\t<div class=\"elementor-widget-container\">\n\t\t\t\t\t\t\t\t\t<p>Marcin Borys est <strong>conseil juridique<\/strong> et <strong>collaborateur<\/strong> au sein du Cabinet.<\/p>\n<p>Il est dipl\u00f4m\u00e9 de la Facult\u00e9 de Droit et d\u2019Administration de l\u2019Universit\u00e9 de Varsovie. Il est \u00e9galement dipl\u00f4m\u00e9 du Certificate of Higher Education in Legal Studies de l\u2019Universit\u00e9 de Cardiff (Grande-Bretagne). Marcin a suivi sa formation juridique \u00e0 la Chambre des conseillers juridiques de Varsovie. En outre, il a suivi des cours de droit \u00e9tranger \u00e0 l\u2019\u00c9cole de droit et d\u2019\u00e9conomie de Chine et \u00e0 l\u2019\u00c9cole de droit de l\u2019Europe de l\u2019Est et de l\u2019Asie centrale de l\u2019Universit\u00e9 de Varsovie.    <\/p>\n<p>Il conseil en mati\u00e8re de droit du travail, de droit des contrats commerciaux et d\u2019investissements dans les infrastructures.<\/p>\n<p>Outre le polonais, il parle l\u2019anglais.<\/p>\n\t\t\t\t\t\t\t\t<\/div>\n\t\t\t\t<\/div>\n\t\t\t\t<\/div>\n\t\t\t\t\t<\/div>\n\t\t\t\t<\/div>\n\t\t<div class=\"elementor-element elementor-element-d5f297e e-flex e-con-boxed e-con e-parent\" data-id=\"d5f297e\" data-element_type=\"container\" data-e-type=\"container\">\n\t\t\t\t\t<div class=\"e-con-inner\">\n\t\t\t\t<div class=\"elementor-element elementor-element-f0e7aec elementor-widget elementor-widget-html\" data-id=\"f0e7aec\" data-element_type=\"widget\" data-e-type=\"widget\" data-widget_type=\"html.default\">\n\t\t\t\t<div class=\"elementor-widget-container\">\n\t\t\t\t\t<center><button onclick=\"history.back()\" style=\"padding: 10px 20px; background-color: #005D9B; color: white; border: none; border-radius: 5px; cursor: pointer;\">Retour \u00e0 la page pr\u00e9c\u00e9dente<\/button><\/center>\t\t\t\t<\/div>\n\t\t\t\t<\/div>\n\t\t\t\t\t<\/div>\n\t\t\t\t<\/div>\n\t\t\t\t<\/div>\n\t\t","protected":false},"excerpt":{"rendered":"<p>Marcin Borys Marcin Borys est conseil juridique et collaborateur au sein du Cabinet. Il est dipl\u00f4m\u00e9 de la Facult\u00e9 de Droit et d\u2019Administration de l\u2019Universit\u00e9 de Varsovie. Il est \u00e9galement dipl\u00f4m\u00e9 du Certificate of Higher Education in Legal Studies de l\u2019Universit\u00e9 de Cardiff (Grande-Bretagne). Marcin a suivi sa formation juridique \u00e0 la Chambre des conseillers [&hellip;]<\/p>\n","protected":false},"author":1,"featured_media":0,"parent":0,"menu_order":0,"comment_status":"closed","ping_status":"closed","template":"","meta":{"om_disable_all_campaigns":false,"_monsterinsights_skip_tracking":false,"_monsterinsights_sitenote_active":false,"_monsterinsights_sitenote_note":"","_monsterinsights_sitenote_category":0,"_uf_show_specific_survey":0,"_uf_disable_surveys":false,"footnotes":""},"class_list":["post-961","page","type-page","status-publish","hentry"],"aioseo_notices":[],"_links":{"self":[{"href":"https:\/\/rjpartners.pl\/fr\/wp-json\/wp\/v2\/pages\/961","targetHints":{"allow":["GET"]}}],"collection":[{"href":"https:\/\/rjpartners.pl\/fr\/wp-json\/wp\/v2\/pages"}],"about":[{"href":"https:\/\/rjpartners.pl\/fr\/wp-json\/wp\/v2\/types\/page"}],"author":[{"embeddable":true,"href":"https:\/\/rjpartners.pl\/fr\/wp-json\/wp\/v2\/users\/1"}],"replies":[{"embeddable":true,"href":"https:\/\/rjpartners.pl\/fr\/wp-json\/wp\/v2\/comments?post=961"}],"version-history":[{"count":11,"href":"https:\/\/rjpartners.pl\/fr\/wp-json\/wp\/v2\/pages\/961\/revisions"}],"predecessor-version":[{"id":2203,"href":"https:\/\/rjpartners.pl\/fr\/wp-json\/wp\/v2\/pages\/961\/revisions\/2203"}],"wp:attachment":[{"href":"https:\/\/rjpartners.pl\/fr\/wp-json\/wp\/v2\/media?parent=961"}],"curies":[{"name":"wp","href":"https:\/\/api.w.org\/{rel}","templated":true}]}}