{"id":963,"date":"2024-11-03T01:43:09","date_gmt":"2024-11-03T00:43:09","guid":{"rendered":"https:\/\/rjpartners.pl\/marcin-krakowiak\/"},"modified":"2024-11-20T14:56:02","modified_gmt":"2024-11-20T13:56:02","slug":"marcin-krakowiak","status":"publish","type":"page","link":"https:\/\/rjpartners.pl\/fr\/marcin-krakowiak\/","title":{"rendered":"Marcin Krakowiak"},"content":{"rendered":"\t\t<div data-elementor-type=\"wp-page\" data-elementor-id=\"963\" class=\"elementor elementor-963 elementor-515\" data-elementor-post-type=\"page\">\n\t\t\t\t<div class=\"elementor-element elementor-element-061517c e-flex e-con-boxed e-con e-parent\" data-id=\"061517c\" data-element_type=\"container\">\n\t\t\t\t\t<div class=\"e-con-inner\">\n\t\t\t\t<div class=\"elementor-element elementor-element-6fbf4f2 elementor-widget elementor-widget-text-editor\" data-id=\"6fbf4f2\" data-element_type=\"widget\" data-widget_type=\"text-editor.default\">\n\t\t\t\t<div class=\"elementor-widget-container\">\n\t\t\t\t\t\t\t\t\t<h1><strong>Marcin Krakowiak<\/strong><\/h1>\n\t\t\t\t\t\t\t\t<\/div>\n\t\t\t\t<\/div>\n\t\t\t\t\t<\/div>\n\t\t\t\t<\/div>\n\t\t<div class=\"elementor-element elementor-element-edaf619 e-flex e-con-boxed e-con e-parent\" data-id=\"edaf619\" data-element_type=\"container\">\n\t\t\t\t\t<div class=\"e-con-inner\">\n\t\t<div class=\"elementor-element elementor-element-99dccf5 e-con-full e-flex e-con e-child\" data-id=\"99dccf5\" data-element_type=\"container\">\n\t\t\t\t<div class=\"elementor-element elementor-element-f04c1c5 elementor-widget elementor-widget-image\" data-id=\"f04c1c5\" data-element_type=\"widget\" data-widget_type=\"image.default\">\n\t\t\t\t<div class=\"elementor-widget-container\">\n\t\t\t\t\t\t\t\t\t\t\t\t\t\t\t<img fetchpriority=\"high\" decoding=\"async\" width=\"300\" height=\"243\" src=\"https:\/\/rjpartners.pl\/wp-content\/uploads\/2024\/11\/Marcin_Krakowiak-1.jpg\" class=\"attachment-full size-full wp-image-729\" alt=\"\" \/>\t\t\t\t\t\t\t\t\t\t\t\t\t\t\t<\/div>\n\t\t\t\t<\/div>\n\t\t\t\t<\/div>\n\t\t<div class=\"elementor-element elementor-element-0b39abc e-con-full e-flex e-con e-child\" data-id=\"0b39abc\" data-element_type=\"container\">\n\t\t\t\t<div class=\"elementor-element elementor-element-18e1765 elementor-widget elementor-widget-text-editor\" data-id=\"18e1765\" data-element_type=\"widget\" data-widget_type=\"text-editor.default\">\n\t\t\t\t<div class=\"elementor-widget-container\">\n\t\t\t\t\t\t\t\t\t<p><strong>Juriste junior<\/strong>, Marcin Krakowiak est dipl\u00f4m\u00e9 de la Facult\u00e9 de Droit et d\u2019Administration de l\u2019Universit\u00e9 de Varsovie. Marcin est l\u2019auteur et le co-auteur d\u2019articles scientifiques publi\u00e9s dans des revues scientifiques r\u00e9put\u00e9es et participe \u00e0 des conf\u00e9rences scientifiques. <\/p>\n<p>Marcin est sp\u00e9cialis\u00e9 dans le droit commercial, le droit du travail et le droit des successions.<\/p>\n<p>Outre le polonais, il parle l\u2019anglais.<\/p>\n\t\t\t\t\t\t\t\t<\/div>\n\t\t\t\t<\/div>\n\t\t\t\t<\/div>\n\t\t\t\t\t<\/div>\n\t\t\t\t<\/div>\n\t\t<div class=\"elementor-element elementor-element-c65d57c e-flex e-con-boxed e-con e-parent\" data-id=\"c65d57c\" data-element_type=\"container\">\n\t\t\t\t\t<div class=\"e-con-inner\">\n\t\t\t\t<div class=\"elementor-element elementor-element-96aa36e elementor-widget elementor-widget-html\" data-id=\"96aa36e\" data-element_type=\"widget\" data-widget_type=\"html.default\">\n\t\t\t\t<div class=\"elementor-widget-container\">\n\t\t\t\t\t<center><button onclick=\"history.back()\" style=\"padding: 10px 20px; background-color: #005D9B; color: white; border: none; border-radius: 5px; cursor: pointer;\">Retour \u00e0 la page pr\u00e9c\u00e9dente<\/button><\/center>\t\t\t\t<\/div>\n\t\t\t\t<\/div>\n\t\t\t\t\t<\/div>\n\t\t\t\t<\/div>\n\t\t\t\t<\/div>\n\t\t","protected":false},"excerpt":{"rendered":"<p>Marcin Krakowiak Juriste junior, Marcin Krakowiak est dipl\u00f4m\u00e9 de la Facult\u00e9 de Droit et d\u2019Administration de l\u2019Universit\u00e9 de Varsovie. Marcin est l\u2019auteur et le co-auteur d\u2019articles scientifiques publi\u00e9s dans des revues scientifiques r\u00e9put\u00e9es et participe \u00e0 des conf\u00e9rences scientifiques. Marcin est sp\u00e9cialis\u00e9 dans le droit commercial, le droit du travail et le droit des successions. [&hellip;]<\/p>\n","protected":false},"author":1,"featured_media":0,"parent":0,"menu_order":0,"comment_status":"closed","ping_status":"closed","template":"","meta":{"om_disable_all_campaigns":false,"_monsterinsights_skip_tracking":false,"_monsterinsights_sitenote_active":false,"_monsterinsights_sitenote_note":"","_monsterinsights_sitenote_category":0,"footnotes":""},"class_list":["post-963","page","type-page","status-publish","hentry"],"aioseo_notices":[],"_links":{"self":[{"href":"https:\/\/rjpartners.pl\/fr\/wp-json\/wp\/v2\/pages\/963","targetHints":{"allow":["GET"]}}],"collection":[{"href":"https:\/\/rjpartners.pl\/fr\/wp-json\/wp\/v2\/pages"}],"about":[{"href":"https:\/\/rjpartners.pl\/fr\/wp-json\/wp\/v2\/types\/page"}],"author":[{"embeddable":true,"href":"https:\/\/rjpartners.pl\/fr\/wp-json\/wp\/v2\/users\/1"}],"replies":[{"embeddable":true,"href":"https:\/\/rjpartners.pl\/fr\/wp-json\/wp\/v2\/comments?post=963"}],"version-history":[{"count":10,"href":"https:\/\/rjpartners.pl\/fr\/wp-json\/wp\/v2\/pages\/963\/revisions"}],"predecessor-version":[{"id":2206,"href":"https:\/\/rjpartners.pl\/fr\/wp-json\/wp\/v2\/pages\/963\/revisions\/2206"}],"wp:attachment":[{"href":"https:\/\/rjpartners.pl\/fr\/wp-json\/wp\/v2\/media?parent=963"}],"curies":[{"name":"wp","href":"https:\/\/api.w.org\/{rel}","templated":true}]}}