{"id":965,"date":"2024-11-03T00:36:01","date_gmt":"2024-11-02T23:36:01","guid":{"rendered":"https:\/\/rjpartners.pl\/michal-buczkowski\/"},"modified":"2024-11-20T14:56:46","modified_gmt":"2024-11-20T13:56:46","slug":"michal-buczkowski","status":"publish","type":"page","link":"https:\/\/rjpartners.pl\/fr\/michal-buczkowski\/","title":{"rendered":"Micha\u0142 Buczkowski"},"content":{"rendered":"\t\t<div data-elementor-type=\"wp-page\" data-elementor-id=\"965\" class=\"elementor elementor-965 elementor-446\" data-elementor-post-type=\"page\">\n\t\t\t\t<div class=\"elementor-element elementor-element-746756a e-flex e-con-boxed e-con e-parent\" data-id=\"746756a\" data-element_type=\"container\">\n\t\t\t\t\t<div class=\"e-con-inner\">\n\t\t\t\t<div class=\"elementor-element elementor-element-222eb88 elementor-widget elementor-widget-text-editor\" data-id=\"222eb88\" data-element_type=\"widget\" data-widget_type=\"text-editor.default\">\n\t\t\t\t<div class=\"elementor-widget-container\">\n\t\t\t\t\t\t\t\t\t<h1><strong>Micha\u0142 Buczkowski<\/strong><\/h1>\n\t\t\t\t\t\t\t\t<\/div>\n\t\t\t\t<\/div>\n\t\t\t\t\t<\/div>\n\t\t\t\t<\/div>\n\t\t<div class=\"elementor-element elementor-element-b0612a7 e-flex e-con-boxed e-con e-parent\" data-id=\"b0612a7\" data-element_type=\"container\">\n\t\t\t\t\t<div class=\"e-con-inner\">\n\t\t<div class=\"elementor-element elementor-element-2d491b4 e-con-full e-flex e-con e-child\" data-id=\"2d491b4\" data-element_type=\"container\">\n\t\t\t\t<div class=\"elementor-element elementor-element-bb2c0c6 elementor-widget elementor-widget-image\" data-id=\"bb2c0c6\" data-element_type=\"widget\" data-widget_type=\"image.default\">\n\t\t\t\t<div class=\"elementor-widget-container\">\n\t\t\t\t\t\t\t\t\t\t\t\t\t\t\t<img fetchpriority=\"high\" decoding=\"async\" width=\"300\" height=\"243\" src=\"https:\/\/rjpartners.pl\/wp-content\/uploads\/2024\/11\/portret-Michal-Buczkowski-300x243-1.jpg\" class=\"attachment-full size-full wp-image-711\" alt=\"\" \/>\t\t\t\t\t\t\t\t\t\t\t\t\t\t\t<\/div>\n\t\t\t\t<\/div>\n\t\t\t\t<\/div>\n\t\t<div class=\"elementor-element elementor-element-e177a3c e-con-full e-flex e-con e-child\" data-id=\"e177a3c\" data-element_type=\"container\">\n\t\t\t\t<div class=\"elementor-element elementor-element-156d618 elementor-widget elementor-widget-text-editor\" data-id=\"156d618\" data-element_type=\"widget\" data-widget_type=\"text-editor.default\">\n\t\t\t\t<div class=\"elementor-widget-container\">\n\t\t\t\t\t\t\t\t\t<p>Micha\u0142 Buczkowski est <strong>conseil juridique<\/strong> et collaborateur au sein du Cabinet. Il est dipl\u00f4m\u00e9 de la Facult\u00e9 de Droit et d\u2019Administration de l\u2019Universit\u00e9 de Varsovie. <\/p>\n<p>Micha\u0142 est sp\u00e9cialis\u00e9 dans les domaines li\u00e9s au droit administratif ainsi qu\u2019au droit du travail.<\/p>\n<p>Il parle polonais et anglais.<\/p>\n\t\t\t\t\t\t\t\t<\/div>\n\t\t\t\t<\/div>\n\t\t\t\t<\/div>\n\t\t\t\t\t<\/div>\n\t\t\t\t<\/div>\n\t\t<div class=\"elementor-element elementor-element-06f778e e-flex e-con-boxed e-con e-parent\" data-id=\"06f778e\" data-element_type=\"container\">\n\t\t\t\t\t<div class=\"e-con-inner\">\n\t\t\t\t<div class=\"elementor-element elementor-element-64f3a22 elementor-widget elementor-widget-html\" data-id=\"64f3a22\" data-element_type=\"widget\" data-widget_type=\"html.default\">\n\t\t\t\t<div class=\"elementor-widget-container\">\n\t\t\t\t\t<center><button onclick=\"history.back()\" style=\"padding: 10px 20px; background-color: #005D9B; color: white; border: none; border-radius: 5px; cursor: pointer;\">Retour \u00e0 la page pr\u00e9c\u00e9dente<\/button><\/center>\t\t\t\t<\/div>\n\t\t\t\t<\/div>\n\t\t\t\t\t<\/div>\n\t\t\t\t<\/div>\n\t\t\t\t<\/div>\n\t\t","protected":false},"excerpt":{"rendered":"<p>Micha\u0142 Buczkowski Micha\u0142 Buczkowski est conseil juridique et collaborateur au sein du Cabinet. Il est dipl\u00f4m\u00e9 de la Facult\u00e9 de Droit et d\u2019Administration de l\u2019Universit\u00e9 de Varsovie. Micha\u0142 est sp\u00e9cialis\u00e9 dans les domaines li\u00e9s au droit administratif ainsi qu\u2019au droit du travail. Il parle polonais et anglais. Retour \u00e0 la page pr\u00e9c\u00e9dente<\/p>\n","protected":false},"author":1,"featured_media":0,"parent":0,"menu_order":0,"comment_status":"closed","ping_status":"closed","template":"","meta":{"om_disable_all_campaigns":false,"_monsterinsights_skip_tracking":false,"_monsterinsights_sitenote_active":false,"_monsterinsights_sitenote_note":"","_monsterinsights_sitenote_category":0,"footnotes":""},"class_list":["post-965","page","type-page","status-publish","hentry"],"aioseo_notices":[],"_links":{"self":[{"href":"https:\/\/rjpartners.pl\/fr\/wp-json\/wp\/v2\/pages\/965","targetHints":{"allow":["GET"]}}],"collection":[{"href":"https:\/\/rjpartners.pl\/fr\/wp-json\/wp\/v2\/pages"}],"about":[{"href":"https:\/\/rjpartners.pl\/fr\/wp-json\/wp\/v2\/types\/page"}],"author":[{"embeddable":true,"href":"https:\/\/rjpartners.pl\/fr\/wp-json\/wp\/v2\/users\/1"}],"replies":[{"embeddable":true,"href":"https:\/\/rjpartners.pl\/fr\/wp-json\/wp\/v2\/comments?post=965"}],"version-history":[{"count":10,"href":"https:\/\/rjpartners.pl\/fr\/wp-json\/wp\/v2\/pages\/965\/revisions"}],"predecessor-version":[{"id":2209,"href":"https:\/\/rjpartners.pl\/fr\/wp-json\/wp\/v2\/pages\/965\/revisions\/2209"}],"wp:attachment":[{"href":"https:\/\/rjpartners.pl\/fr\/wp-json\/wp\/v2\/media?parent=965"}],"curies":[{"name":"wp","href":"https:\/\/api.w.org\/{rel}","templated":true}]}}