{"id":967,"date":"2024-11-03T00:19:16","date_gmt":"2024-11-02T23:19:16","guid":{"rendered":"https:\/\/rjpartners.pl\/michal-kubicz\/"},"modified":"2024-11-20T14:57:33","modified_gmt":"2024-11-20T13:57:33","slug":"michal-kubicz","status":"publish","type":"page","link":"https:\/\/rjpartners.pl\/fr\/michal-kubicz\/","title":{"rendered":"Micha\u0142 Kubicz"},"content":{"rendered":"\t\t<div data-elementor-type=\"wp-page\" data-elementor-id=\"967\" class=\"elementor elementor-967 elementor-419\" data-elementor-post-type=\"page\">\n\t\t\t\t<div class=\"elementor-element elementor-element-76073b3 e-flex e-con-boxed e-con e-parent\" data-id=\"76073b3\" data-element_type=\"container\">\n\t\t\t\t\t<div class=\"e-con-inner\">\n\t\t\t\t<div class=\"elementor-element elementor-element-40d9fc4 elementor-widget elementor-widget-text-editor\" data-id=\"40d9fc4\" data-element_type=\"widget\" data-widget_type=\"text-editor.default\">\n\t\t\t\t<div class=\"elementor-widget-container\">\n\t\t\t\t\t\t\t\t\t<h1><strong>Micha\u0142 Kubicz<\/strong><\/h1>\n\t\t\t\t\t\t\t\t<\/div>\n\t\t\t\t<\/div>\n\t\t\t\t\t<\/div>\n\t\t\t\t<\/div>\n\t\t<div class=\"elementor-element elementor-element-07e0221 e-flex e-con-boxed e-con e-parent\" data-id=\"07e0221\" data-element_type=\"container\">\n\t\t\t\t\t<div class=\"e-con-inner\">\n\t\t<div class=\"elementor-element elementor-element-e54d7b7 e-con-full e-flex e-con e-child\" data-id=\"e54d7b7\" data-element_type=\"container\">\n\t\t\t\t<div class=\"elementor-element elementor-element-12e9876 elementor-widget elementor-widget-image\" data-id=\"12e9876\" data-element_type=\"widget\" data-widget_type=\"image.default\">\n\t\t\t\t<div class=\"elementor-widget-container\">\n\t\t\t\t\t\t\t\t\t\t\t\t\t\t\t<img fetchpriority=\"high\" decoding=\"async\" width=\"300\" height=\"243\" src=\"https:\/\/rjpartners.pl\/wp-content\/uploads\/2024\/11\/portret-Michal-Kubicz-300x243-1.jpg\" class=\"attachment-full size-full wp-image-707\" alt=\"\" \/>\t\t\t\t\t\t\t\t\t\t\t\t\t\t\t<\/div>\n\t\t\t\t<\/div>\n\t\t\t\t<\/div>\n\t\t<div class=\"elementor-element elementor-element-7bc0ca7 e-con-full e-flex e-con e-child\" data-id=\"7bc0ca7\" data-element_type=\"container\">\n\t\t\t\t<div class=\"elementor-element elementor-element-16cd7e2 elementor-widget elementor-widget-text-editor\" data-id=\"16cd7e2\" data-element_type=\"widget\" data-widget_type=\"text-editor.default\">\n\t\t\t\t<div class=\"elementor-widget-container\">\n\t\t\t\t\t\t\t\t\t<p><strong>Conseil juridique, associ\u00e9.<\/strong><\/p>\n<p>Micha\u0142 Kubicz est recommand\u00e9 par Chambers Europe dans le domaine du droit de la protection de l\u2019environnement. Dipl\u00f4m\u00e9 de la Facult\u00e9 de Droit et Administration de l\u2019Universit\u00e9 de Varsovie (2000) ainsi que de l\u2019Universit\u00e9 de Poitiers, Micha\u0142 Kubicz est conseil juridique depuis 2008. Il \u00e9tait, dans les ann\u00e9es 1997-2014, collaborateur au sein du cabinet international Gide Loyrette Nouel, connu en Pologne sous la d\u00e9nomination sociale Tokarczuk, J\u0119drzejczyk i Wsp\u00f3lnicy Kancelaria Prawna GLN sp.k. Il y exer\u00e7ait au sein du d\u00e9partement du Droit de l\u2019Energie et de la Protection de l\u2019Environnement. Il est sp\u00e9cialis\u00e9 en droit administratif et proc\u00e9dure administrative. Il poss\u00e8de \u00e9galement une exp\u00e9rience reconnue dans le domaine des projets infrastructurels et des fusions acquisitions. Micha\u0142 Kubicz est par ailleurs en charge des audits juridiques (due diligence) de soci\u00e9t\u00e9s. Il est responsable du suivi juridique de la vie de soci\u00e9t\u00e9s sises dans diff\u00e9rents pays.<\/p>\n<p>Michal Kubicz est l&rsquo;auteur de nombreuses publications. Il a \u00e9t\u00e9 charg\u00e9 de cours \u00e0 l&rsquo;\u00e9cole sup\u00e9rieure de fiscalit\u00e9 et de droit fiscal de l&rsquo;universit\u00e9 de Varsovie. Il est \u00e9galement intervenu lors de nombreuses conf\u00e9rences sur la l\u00e9gislation en mati\u00e8re de gestion des d\u00e9chets, les partenariats public-priv\u00e9 et la protection de l&rsquo;environnement.<\/p>\n<p>Dans le cadre de son travail b\u00e9n\u00e9vole, Michal Kubicz est le fondateur et le pr\u00e9sident du conseil d&rsquo;administration de la Hope for Health Foundation. Il est membre du conseil de surveillance de MK Sp. z o.o. (groupe PGDI).<\/p>\n<p>Micha\u0142 Kubicz parle polonais, fran\u00e7ais et anglais.<\/p>\n\t\t\t\t\t\t\t\t<\/div>\n\t\t\t\t<\/div>\n\t\t\t\t<\/div>\n\t\t\t\t\t<\/div>\n\t\t\t\t<\/div>\n\t\t<div class=\"elementor-element elementor-element-b80539b e-flex e-con-boxed e-con e-parent\" data-id=\"b80539b\" data-element_type=\"container\">\n\t\t\t\t\t<div class=\"e-con-inner\">\n\t\t\t\t<div class=\"elementor-element elementor-element-ae454b4 elementor-widget elementor-widget-html\" data-id=\"ae454b4\" data-element_type=\"widget\" data-widget_type=\"html.default\">\n\t\t\t\t<div class=\"elementor-widget-container\">\n\t\t\t\t\t<center><button onclick=\"history.back()\" style=\"padding: 10px 20px; background-color: #005D9B; color: white; border: none; border-radius: 5px; cursor: pointer;\">Retour \u00e0 la page pr\u00e9c\u00e9dente<\/button><\/center>\t\t\t\t<\/div>\n\t\t\t\t<\/div>\n\t\t\t\t\t<\/div>\n\t\t\t\t<\/div>\n\t\t\t\t<\/div>\n\t\t","protected":false},"excerpt":{"rendered":"<p>Micha\u0142 Kubicz Conseil juridique, associ\u00e9. Micha\u0142 Kubicz est recommand\u00e9 par Chambers Europe dans le domaine du droit de la protection de l\u2019environnement. Dipl\u00f4m\u00e9 de la Facult\u00e9 de Droit et Administration de l\u2019Universit\u00e9 de Varsovie (2000) ainsi que de l\u2019Universit\u00e9 de Poitiers, Micha\u0142 Kubicz est conseil juridique depuis 2008. Il \u00e9tait, dans les ann\u00e9es 1997-2014, collaborateur [&hellip;]<\/p>\n","protected":false},"author":1,"featured_media":0,"parent":0,"menu_order":0,"comment_status":"closed","ping_status":"closed","template":"","meta":{"om_disable_all_campaigns":false,"_monsterinsights_skip_tracking":false,"_monsterinsights_sitenote_active":false,"_monsterinsights_sitenote_note":"","_monsterinsights_sitenote_category":0,"footnotes":""},"class_list":["post-967","page","type-page","status-publish","hentry"],"aioseo_notices":[],"_links":{"self":[{"href":"https:\/\/rjpartners.pl\/fr\/wp-json\/wp\/v2\/pages\/967","targetHints":{"allow":["GET"]}}],"collection":[{"href":"https:\/\/rjpartners.pl\/fr\/wp-json\/wp\/v2\/pages"}],"about":[{"href":"https:\/\/rjpartners.pl\/fr\/wp-json\/wp\/v2\/types\/page"}],"author":[{"embeddable":true,"href":"https:\/\/rjpartners.pl\/fr\/wp-json\/wp\/v2\/users\/1"}],"replies":[{"embeddable":true,"href":"https:\/\/rjpartners.pl\/fr\/wp-json\/wp\/v2\/comments?post=967"}],"version-history":[{"count":11,"href":"https:\/\/rjpartners.pl\/fr\/wp-json\/wp\/v2\/pages\/967\/revisions"}],"predecessor-version":[{"id":2212,"href":"https:\/\/rjpartners.pl\/fr\/wp-json\/wp\/v2\/pages\/967\/revisions\/2212"}],"wp:attachment":[{"href":"https:\/\/rjpartners.pl\/fr\/wp-json\/wp\/v2\/media?parent=967"}],"curies":[{"name":"wp","href":"https:\/\/api.w.org\/{rel}","templated":true}]}}