{"id":969,"date":"2024-11-03T01:19:52","date_gmt":"2024-11-03T00:19:52","guid":{"rendered":"https:\/\/rjpartners.pl\/mikolaj-gill\/"},"modified":"2024-11-20T14:58:15","modified_gmt":"2024-11-20T13:58:15","slug":"mikolaj-gill","status":"publish","type":"page","link":"https:\/\/rjpartners.pl\/fr\/mikolaj-gill\/","title":{"rendered":"Miko\u0142aj Gill"},"content":{"rendered":"\t\t<div data-elementor-type=\"wp-page\" data-elementor-id=\"969\" class=\"elementor elementor-969 elementor-487\" data-elementor-post-type=\"page\">\n\t\t\t\t<div class=\"elementor-element elementor-element-e44def0 e-flex e-con-boxed e-con e-parent\" data-id=\"e44def0\" data-element_type=\"container\">\n\t\t\t\t\t<div class=\"e-con-inner\">\n\t\t\t\t<div class=\"elementor-element elementor-element-2d93a16 elementor-widget elementor-widget-text-editor\" data-id=\"2d93a16\" data-element_type=\"widget\" data-widget_type=\"text-editor.default\">\n\t\t\t\t<div class=\"elementor-widget-container\">\n\t\t\t\t\t\t\t\t\t<h1><strong>Miko\u0142aj Gill<\/strong><\/h1>\n\t\t\t\t\t\t\t\t<\/div>\n\t\t\t\t<\/div>\n\t\t\t\t\t<\/div>\n\t\t\t\t<\/div>\n\t\t<div class=\"elementor-element elementor-element-52b4565 e-flex e-con-boxed e-con e-parent\" data-id=\"52b4565\" data-element_type=\"container\">\n\t\t\t\t\t<div class=\"e-con-inner\">\n\t\t<div class=\"elementor-element elementor-element-449a4fb e-con-full e-flex e-con e-child\" data-id=\"449a4fb\" data-element_type=\"container\">\n\t\t\t\t<div class=\"elementor-element elementor-element-21a10f2 elementor-widget elementor-widget-image\" data-id=\"21a10f2\" data-element_type=\"widget\" data-widget_type=\"image.default\">\n\t\t\t\t<div class=\"elementor-widget-container\">\n\t\t\t\t\t\t\t\t\t\t\t\t\t\t\t<img fetchpriority=\"high\" decoding=\"async\" width=\"340\" height=\"275\" src=\"https:\/\/rjpartners.pl\/wp-content\/uploads\/2024\/11\/portret-Mikolaj-Gill.jpg\" class=\"attachment-full size-full wp-image-721\" alt=\"\" srcset=\"https:\/\/rjpartners.pl\/wp-content\/uploads\/2024\/11\/portret-Mikolaj-Gill.jpg 340w, https:\/\/rjpartners.pl\/wp-content\/uploads\/2024\/11\/portret-Mikolaj-Gill-300x243.jpg 300w\" sizes=\"(max-width: 340px) 100vw, 340px\" \/>\t\t\t\t\t\t\t\t\t\t\t\t\t\t\t<\/div>\n\t\t\t\t<\/div>\n\t\t\t\t<\/div>\n\t\t<div class=\"elementor-element elementor-element-bf1a2bb e-con-full e-flex e-con e-child\" data-id=\"bf1a2bb\" data-element_type=\"container\">\n\t\t\t\t<div class=\"elementor-element elementor-element-8dccf9c elementor-widget elementor-widget-text-editor\" data-id=\"8dccf9c\" data-element_type=\"widget\" data-widget_type=\"text-editor.default\">\n\t\t\t\t<div class=\"elementor-widget-container\">\n\t\t\t\t\t\t\t\t\t<p>Miko\u0142aj Gill est <strong>conseil juridique<\/strong> stagiaire et collaborateur au sein du Cabinet.<\/p>\n<p>Il est dipl\u00f4m\u00e9 en droit et en sinologie du Coll\u00e8ge des \u00c9tudes Individuelles Interdisciplinaires en Sciences Humaines de l\u2019Universit\u00e9 de Varsovie. Miko\u0142aj a \u00e9galement suivi une formation juridique \u00e0 la Chambre des conseillers juridiques de Varsovie. <\/p>\n<p>Il est sp\u00e9cialis\u00e9 dans les investissements dans les infrastructures et le droit de l\u2019environnement.<\/p>\n<p>Il parle polonais, l\u2019anglais, l\u2019espagnol et le chinois.<\/p>\n\t\t\t\t\t\t\t\t<\/div>\n\t\t\t\t<\/div>\n\t\t\t\t<\/div>\n\t\t\t\t\t<\/div>\n\t\t\t\t<\/div>\n\t\t<div class=\"elementor-element elementor-element-6dad51a e-flex e-con-boxed e-con e-parent\" data-id=\"6dad51a\" data-element_type=\"container\">\n\t\t\t\t\t<div class=\"e-con-inner\">\n\t\t\t\t<div class=\"elementor-element elementor-element-5c674d9 elementor-widget elementor-widget-html\" data-id=\"5c674d9\" data-element_type=\"widget\" data-widget_type=\"html.default\">\n\t\t\t\t<div class=\"elementor-widget-container\">\n\t\t\t\t\t<center><button onclick=\"history.back()\" style=\"padding: 10px 20px; background-color: #005D9B; color: white; border: none; border-radius: 5px; cursor: pointer;\">Retour \u00e0 la page pr\u00e9c\u00e9dente<\/button><\/center>\t\t\t\t<\/div>\n\t\t\t\t<\/div>\n\t\t\t\t\t<\/div>\n\t\t\t\t<\/div>\n\t\t\t\t<\/div>\n\t\t","protected":false},"excerpt":{"rendered":"<p>Miko\u0142aj Gill Miko\u0142aj Gill est conseil juridique stagiaire et collaborateur au sein du Cabinet. Il est dipl\u00f4m\u00e9 en droit et en sinologie du Coll\u00e8ge des \u00c9tudes Individuelles Interdisciplinaires en Sciences Humaines de l\u2019Universit\u00e9 de Varsovie. Miko\u0142aj a \u00e9galement suivi une formation juridique \u00e0 la Chambre des conseillers juridiques de Varsovie. Il est sp\u00e9cialis\u00e9 dans les [&hellip;]<\/p>\n","protected":false},"author":1,"featured_media":0,"parent":0,"menu_order":0,"comment_status":"closed","ping_status":"closed","template":"","meta":{"om_disable_all_campaigns":false,"_monsterinsights_skip_tracking":false,"_monsterinsights_sitenote_active":false,"_monsterinsights_sitenote_note":"","_monsterinsights_sitenote_category":0,"footnotes":""},"class_list":["post-969","page","type-page","status-publish","hentry"],"aioseo_notices":[],"_links":{"self":[{"href":"https:\/\/rjpartners.pl\/fr\/wp-json\/wp\/v2\/pages\/969","targetHints":{"allow":["GET"]}}],"collection":[{"href":"https:\/\/rjpartners.pl\/fr\/wp-json\/wp\/v2\/pages"}],"about":[{"href":"https:\/\/rjpartners.pl\/fr\/wp-json\/wp\/v2\/types\/page"}],"author":[{"embeddable":true,"href":"https:\/\/rjpartners.pl\/fr\/wp-json\/wp\/v2\/users\/1"}],"replies":[{"embeddable":true,"href":"https:\/\/rjpartners.pl\/fr\/wp-json\/wp\/v2\/comments?post=969"}],"version-history":[{"count":10,"href":"https:\/\/rjpartners.pl\/fr\/wp-json\/wp\/v2\/pages\/969\/revisions"}],"predecessor-version":[{"id":2215,"href":"https:\/\/rjpartners.pl\/fr\/wp-json\/wp\/v2\/pages\/969\/revisions\/2215"}],"wp:attachment":[{"href":"https:\/\/rjpartners.pl\/fr\/wp-json\/wp\/v2\/media?parent=969"}],"curies":[{"name":"wp","href":"https:\/\/api.w.org\/{rel}","templated":true}]}}