{"id":971,"date":"2024-11-03T00:13:35","date_gmt":"2024-11-02T23:13:35","guid":{"rendered":"https:\/\/rjpartners.pl\/robert-jedrzejczyk\/"},"modified":"2024-11-20T14:58:59","modified_gmt":"2024-11-20T13:58:59","slug":"robert-jedrzejczyk","status":"publish","type":"page","link":"https:\/\/rjpartners.pl\/fr\/robert-jedrzejczyk\/","title":{"rendered":"Robert J\u0119drzejczyk"},"content":{"rendered":"\t\t<div data-elementor-type=\"wp-page\" data-elementor-id=\"971\" class=\"elementor elementor-971 elementor-411\" data-elementor-post-type=\"page\">\n\t\t\t\t<div class=\"elementor-element elementor-element-1ca1bc0 e-flex e-con-boxed e-con e-parent\" data-id=\"1ca1bc0\" data-element_type=\"container\">\n\t\t\t\t\t<div class=\"e-con-inner\">\n\t\t\t\t<div class=\"elementor-element elementor-element-7d013ae elementor-widget elementor-widget-text-editor\" data-id=\"7d013ae\" data-element_type=\"widget\" data-widget_type=\"text-editor.default\">\n\t\t\t\t<div class=\"elementor-widget-container\">\n\t\t\t\t\t\t\t\t\t<h1><strong>Robert J\u0119drzejczyk<\/strong><\/h1>\n\t\t\t\t\t\t\t\t<\/div>\n\t\t\t\t<\/div>\n\t\t\t\t\t<\/div>\n\t\t\t\t<\/div>\n\t\t<div class=\"elementor-element elementor-element-5a44acd e-flex e-con-boxed e-con e-parent\" data-id=\"5a44acd\" data-element_type=\"container\">\n\t\t\t\t\t<div class=\"e-con-inner\">\n\t\t<div class=\"elementor-element elementor-element-4e6b8b2 e-con-full e-flex e-con e-child\" data-id=\"4e6b8b2\" data-element_type=\"container\">\n\t\t\t\t<div class=\"elementor-element elementor-element-e7fddd4 elementor-widget elementor-widget-image\" data-id=\"e7fddd4\" data-element_type=\"widget\" data-widget_type=\"image.default\">\n\t\t\t\t<div class=\"elementor-widget-container\">\n\t\t\t\t\t\t\t\t\t\t\t\t\t\t\t<img fetchpriority=\"high\" decoding=\"async\" width=\"300\" height=\"243\" src=\"https:\/\/rjpartners.pl\/wp-content\/uploads\/2024\/11\/portret-Robert-Jedrzejczyk-300x243-1.jpg\" class=\"attachment-full size-full wp-image-705\" alt=\"\" \/>\t\t\t\t\t\t\t\t\t\t\t\t\t\t\t<\/div>\n\t\t\t\t<\/div>\n\t\t\t\t<\/div>\n\t\t<div class=\"elementor-element elementor-element-9eddfe8 e-con-full e-flex e-con e-child\" data-id=\"9eddfe8\" data-element_type=\"container\">\n\t\t\t\t<div class=\"elementor-element elementor-element-9fa700f elementor-widget elementor-widget-text-editor\" data-id=\"9fa700f\" data-element_type=\"widget\" data-widget_type=\"text-editor.default\">\n\t\t\t\t<div class=\"elementor-widget-container\">\n\t\t\t\t\t\t\t\t\t<p><strong>Conseil juridique, associ\u00e9 g\u00e9rant du Cabinet. <\/strong><\/p>\n<p>Robert J\u0119drzejczyk est recommand\u00e9 par <em>Legal 500 EMEA<\/em> dans le secteur de l\u2019Energie et des ressources naturelles et en mati\u00e8re de Droit du Travail et par <em>Chambers Europe<\/em> dans le secteur de l\u2019Energie et des ressources naturelles, des Fusions acquisitions et du droit des soci\u00e9t\u00e9s ainsi qu\u2019en mati\u00e8re de Droit de la Protection de l\u2019Environnement. Dipl\u00f4m\u00e9 de la Facult\u00e9 de Droit et Administration de l\u2019Universit\u00e9 Jagellon \u00e0 Cracovie (1992) et de l\u2019Institut International d\u2019Administration Publique de Paris (1993), Robert J\u0119drzejczyk est conseil juridique depuis 1996. Robert J\u0119drzejczyk \u00e9tait dans les ann\u00e9es 1999-2014 associ\u00e9 au sein du cabinet international Gide Loyrette Nouel, pr\u00e9sent en Pologne sous la d\u00e9nomination sociale Tokarczuk, J\u0119drzejczyk i Wsp\u00f3lnicy Kancelaria Prawna GLN sp.k. Promu associ\u00e9 local en 1999, il devient associ\u00e9 international en 2004. Au long de sa carri\u00e8re professionnelle il a \u00e9galement \u00e9t\u00e9 ma\u00eetre de conf\u00e9rence \u00e0 l\u2019Institut du Droit Administratif et Economique de l\u2019Universit\u00e9 de Varsovie. En tant que membre des conseils de surveillance de nombreuses soci\u00e9t\u00e9, il veille \u00e0 la bonne application du droit dans le cadre de l\u2019activit\u00e9 de maintes soci\u00e9t\u00e9s. Robert J\u0119drzejczyk est sp\u00e9cialis\u00e9 en fusions acquisitions, privatisations, droit commercial, droit de l\u2019\u00e9nergie et droit de l\u2019environnement. Il poss\u00e8de \u00e9galement une exp\u00e9rience reconnue en mati\u00e8re de projets infrastructurels, de n\u00e9gociation des avantages sociaux et des conventions collectives de travail. <\/p>\n<p>Robert J\u0119drzejczyk est Conseiller du commerce ext\u00e9rieur de la France en Pologne.<\/p>\n<p>Robert J\u0119drzejczyk est par ailleurs<\/p>\n<ul>\n<li>Membre du Conseil Consultatif de la Chambre de Commerce et d\u2019Industrie France Pologne (CCIFP) depuis 2020,Rady Konsultacyjnej Francuskiej Izby Przemys\u0142owo-Handlowej w Polsce (CCIFP) od 2020 r.,<\/li>\n<li>Arbitre recommand\u00e9 \u00e0 la Cour d\u2019Arbitrage de la Chambre de Commerce Polonaise depuis 2008,<\/li>\n<li>Arbitre du Tribunal d\u2019arbitrage du football,<\/li>\n<li>Membre du Club du Conseil d\u2019Affaires Polonais (KPRB),<\/li>\n<li>Copropri\u00e9taire du group naTemat.pl<\/li>\n<li>Directeur du Commercial Lawyers Group Company Ltd, une association de cabinets d\u2019avocats ind\u00e9pendants bas\u00e9e \u00e0 Dublin. <\/li>\n<\/ul>\n<p>Robert J\u0119drzejczyk parle polonais, fran\u00e7ais et anglais.pos\u0142uguje si\u0119 j\u0119zykiem polskim, francuskim i angielskim.<\/p>\n\t\t\t\t\t\t\t\t<\/div>\n\t\t\t\t<\/div>\n\t\t\t\t<\/div>\n\t\t\t\t\t<\/div>\n\t\t\t\t<\/div>\n\t\t<div class=\"elementor-element elementor-element-5a21343 e-flex e-con-boxed e-con e-parent\" data-id=\"5a21343\" data-element_type=\"container\">\n\t\t\t\t\t<div class=\"e-con-inner\">\n\t\t\t\t<div class=\"elementor-element elementor-element-a219540 elementor-widget elementor-widget-html\" data-id=\"a219540\" data-element_type=\"widget\" data-widget_type=\"html.default\">\n\t\t\t\t<div class=\"elementor-widget-container\">\n\t\t\t\t\t<center><button onclick=\"history.back()\" style=\"padding: 10px 20px; background-color: #005D9B; color: white; border: none; border-radius: 5px; cursor: pointer;\">Retour \u00e0 la page pr\u00e9c\u00e9dente<\/button><\/center>\t\t\t\t<\/div>\n\t\t\t\t<\/div>\n\t\t\t\t\t<\/div>\n\t\t\t\t<\/div>\n\t\t\t\t<\/div>\n\t\t","protected":false},"excerpt":{"rendered":"<p>Robert J\u0119drzejczyk Conseil juridique, associ\u00e9 g\u00e9rant du Cabinet. Robert J\u0119drzejczyk est recommand\u00e9 par Legal 500 EMEA dans le secteur de l\u2019Energie et des ressources naturelles et en mati\u00e8re de Droit du Travail et par Chambers Europe dans le secteur de l\u2019Energie et des ressources naturelles, des Fusions acquisitions et du droit des soci\u00e9t\u00e9s ainsi qu\u2019en [&hellip;]<\/p>\n","protected":false},"author":1,"featured_media":0,"parent":0,"menu_order":0,"comment_status":"closed","ping_status":"closed","template":"","meta":{"om_disable_all_campaigns":false,"_monsterinsights_skip_tracking":false,"_monsterinsights_sitenote_active":false,"_monsterinsights_sitenote_note":"","_monsterinsights_sitenote_category":0,"footnotes":""},"class_list":["post-971","page","type-page","status-publish","hentry"],"aioseo_notices":[],"_links":{"self":[{"href":"https:\/\/rjpartners.pl\/fr\/wp-json\/wp\/v2\/pages\/971","targetHints":{"allow":["GET"]}}],"collection":[{"href":"https:\/\/rjpartners.pl\/fr\/wp-json\/wp\/v2\/pages"}],"about":[{"href":"https:\/\/rjpartners.pl\/fr\/wp-json\/wp\/v2\/types\/page"}],"author":[{"embeddable":true,"href":"https:\/\/rjpartners.pl\/fr\/wp-json\/wp\/v2\/users\/1"}],"replies":[{"embeddable":true,"href":"https:\/\/rjpartners.pl\/fr\/wp-json\/wp\/v2\/comments?post=971"}],"version-history":[{"count":10,"href":"https:\/\/rjpartners.pl\/fr\/wp-json\/wp\/v2\/pages\/971\/revisions"}],"predecessor-version":[{"id":2218,"href":"https:\/\/rjpartners.pl\/fr\/wp-json\/wp\/v2\/pages\/971\/revisions\/2218"}],"wp:attachment":[{"href":"https:\/\/rjpartners.pl\/fr\/wp-json\/wp\/v2\/media?parent=971"}],"curies":[{"name":"wp","href":"https:\/\/api.w.org\/{rel}","templated":true}]}}