{"id":973,"date":"2024-11-03T01:11:30","date_gmt":"2024-11-03T00:11:30","guid":{"rendered":"https:\/\/rjpartners.pl\/sebastian-wisniewski\/"},"modified":"2024-11-20T14:59:45","modified_gmt":"2024-11-20T13:59:45","slug":"sebastian-wisniewski","status":"publish","type":"page","link":"https:\/\/rjpartners.pl\/fr\/sebastian-wisniewski\/","title":{"rendered":"Sebastian Wi\u015bniewski"},"content":{"rendered":"\t\t<div data-elementor-type=\"wp-page\" data-elementor-id=\"973\" class=\"elementor elementor-973 elementor-470\" data-elementor-post-type=\"page\">\n\t\t\t\t<div class=\"elementor-element elementor-element-0290d78 e-flex e-con-boxed e-con e-parent\" data-id=\"0290d78\" data-element_type=\"container\">\n\t\t\t\t\t<div class=\"e-con-inner\">\n\t\t\t\t<div class=\"elementor-element elementor-element-d5d3331 elementor-widget elementor-widget-text-editor\" data-id=\"d5d3331\" data-element_type=\"widget\" data-widget_type=\"text-editor.default\">\n\t\t\t\t<div class=\"elementor-widget-container\">\n\t\t\t\t\t\t\t\t\t<h1><strong>Sebastian Wi\u015bniewski<\/strong><\/h1>\n\t\t\t\t\t\t\t\t<\/div>\n\t\t\t\t<\/div>\n\t\t\t\t\t<\/div>\n\t\t\t\t<\/div>\n\t\t<div class=\"elementor-element elementor-element-338b403 e-flex e-con-boxed e-con e-parent\" data-id=\"338b403\" data-element_type=\"container\">\n\t\t\t\t\t<div class=\"e-con-inner\">\n\t\t<div class=\"elementor-element elementor-element-a81f87f e-con-full e-flex e-con e-child\" data-id=\"a81f87f\" data-element_type=\"container\">\n\t\t\t\t<div class=\"elementor-element elementor-element-97a6a3f elementor-widget elementor-widget-image\" data-id=\"97a6a3f\" data-element_type=\"widget\" data-widget_type=\"image.default\">\n\t\t\t\t<div class=\"elementor-widget-container\">\n\t\t\t\t\t\t\t\t\t\t\t\t\t\t\t<img fetchpriority=\"high\" decoding=\"async\" width=\"300\" height=\"243\" src=\"https:\/\/rjpartners.pl\/wp-content\/uploads\/2024\/11\/portret-Sebastian-Wisniewski-300x243-1.jpg\" class=\"attachment-full size-full wp-image-717\" alt=\"\" \/>\t\t\t\t\t\t\t\t\t\t\t\t\t\t\t<\/div>\n\t\t\t\t<\/div>\n\t\t\t\t<\/div>\n\t\t<div class=\"elementor-element elementor-element-e6feb5d e-con-full e-flex e-con e-child\" data-id=\"e6feb5d\" data-element_type=\"container\">\n\t\t\t\t<div class=\"elementor-element elementor-element-5174c39 elementor-widget elementor-widget-text-editor\" data-id=\"5174c39\" data-element_type=\"widget\" data-widget_type=\"text-editor.default\">\n\t\t\t\t<div class=\"elementor-widget-container\">\n\t\t\t\t\t\t\t\t\t<p>Sebastian Wi\u015bniewski est <strong>conseil juridique<\/strong> et collaborateur au sein du Cabinet. Il est dipl\u00f4m\u00e9 de la Facult\u00e9 de Droit et d\u2019Administration de l\u2019Universit\u00e9 Jagellon \u00e0 Cracovie. <\/p>\n<p>Sebastian est sp\u00e9cialis\u00e9 dans les domaines li\u00e9s aux projets d\u2019infrastructure, en droit administratif et droit immobilier. Il repr\u00e9sente les clients du Cabinet dans les proc\u00e9dures judiciaires. <\/p>\n<p>Il parle polonais et anglais.<\/p>\n\t\t\t\t\t\t\t\t<\/div>\n\t\t\t\t<\/div>\n\t\t\t\t<\/div>\n\t\t\t\t\t<\/div>\n\t\t\t\t<\/div>\n\t\t<div class=\"elementor-element elementor-element-8899b3b e-flex e-con-boxed e-con e-parent\" data-id=\"8899b3b\" data-element_type=\"container\">\n\t\t\t\t\t<div class=\"e-con-inner\">\n\t\t\t\t<div class=\"elementor-element elementor-element-bffe6d0 elementor-widget elementor-widget-html\" data-id=\"bffe6d0\" data-element_type=\"widget\" data-widget_type=\"html.default\">\n\t\t\t\t<div class=\"elementor-widget-container\">\n\t\t\t\t\t<center><button onclick=\"history.back()\" style=\"padding: 10px 20px; background-color: #005D9B; color: white; border: none; border-radius: 5px; cursor: pointer;\">Retour \u00e0 la page pr\u00e9c\u00e9dente<\/button><\/center>\t\t\t\t<\/div>\n\t\t\t\t<\/div>\n\t\t\t\t\t<\/div>\n\t\t\t\t<\/div>\n\t\t\t\t<\/div>\n\t\t","protected":false},"excerpt":{"rendered":"<p>Sebastian Wi\u015bniewski Sebastian Wi\u015bniewski est conseil juridique et collaborateur au sein du Cabinet. Il est dipl\u00f4m\u00e9 de la Facult\u00e9 de Droit et d\u2019Administration de l\u2019Universit\u00e9 Jagellon \u00e0 Cracovie. Sebastian est sp\u00e9cialis\u00e9 dans les domaines li\u00e9s aux projets d\u2019infrastructure, en droit administratif et droit immobilier. Il repr\u00e9sente les clients du Cabinet dans les proc\u00e9dures judiciaires. Il [&hellip;]<\/p>\n","protected":false},"author":1,"featured_media":0,"parent":0,"menu_order":0,"comment_status":"closed","ping_status":"closed","template":"","meta":{"om_disable_all_campaigns":false,"_monsterinsights_skip_tracking":false,"_monsterinsights_sitenote_active":false,"_monsterinsights_sitenote_note":"","_monsterinsights_sitenote_category":0,"footnotes":""},"class_list":["post-973","page","type-page","status-publish","hentry"],"aioseo_notices":[],"_links":{"self":[{"href":"https:\/\/rjpartners.pl\/fr\/wp-json\/wp\/v2\/pages\/973","targetHints":{"allow":["GET"]}}],"collection":[{"href":"https:\/\/rjpartners.pl\/fr\/wp-json\/wp\/v2\/pages"}],"about":[{"href":"https:\/\/rjpartners.pl\/fr\/wp-json\/wp\/v2\/types\/page"}],"author":[{"embeddable":true,"href":"https:\/\/rjpartners.pl\/fr\/wp-json\/wp\/v2\/users\/1"}],"replies":[{"embeddable":true,"href":"https:\/\/rjpartners.pl\/fr\/wp-json\/wp\/v2\/comments?post=973"}],"version-history":[{"count":11,"href":"https:\/\/rjpartners.pl\/fr\/wp-json\/wp\/v2\/pages\/973\/revisions"}],"predecessor-version":[{"id":2221,"href":"https:\/\/rjpartners.pl\/fr\/wp-json\/wp\/v2\/pages\/973\/revisions\/2221"}],"wp:attachment":[{"href":"https:\/\/rjpartners.pl\/fr\/wp-json\/wp\/v2\/media?parent=973"}],"curies":[{"name":"wp","href":"https:\/\/api.w.org\/{rel}","templated":true}]}}